{"id":1077,"date":"2018-02-16T03:49:44","date_gmt":"2018-02-16T03:49:44","guid":{"rendered":"https:\/\/backup.sourceomega-13730204208.futehost.ca\/fr\/?page_id=1077"},"modified":"2024-03-24T09:30:55","modified_gmt":"2024-03-24T13:30:55","slug":"garantie","status":"publish","type":"page","link":"https:\/\/backup.sourceomega-13730204208.futehost.ca\/en\/garantie\/","title":{"rendered":"Garantie"},"content":{"rendered":"<div data-elementor-type=\"wp-page\" data-elementor-id=\"1077\" class=\"elementor elementor-1077\" data-elementor-post-type=\"page\">\n\t\t\t\t<div class=\"elementor-element elementor-element-3c44540 e-flex e-con-boxed e-con e-parent\" data-id=\"3c44540\" data-element_type=\"container\">\n\t\t\t\t\t<div class=\"e-con-inner\">\n\t\t\t\t<div class=\"elementor-element elementor-element-44990ea elementor-widget elementor-widget-heading\" data-id=\"44990ea\" data-element_type=\"widget\" data-widget_type=\"heading.default\">\n\t\t\t\t<div class=\"elementor-widget-container\">\n\t\t\t\t\t<h2 class=\"elementor-heading-title elementor-size-default\">The Source Omega guarantee<\/h2>\t\t\t\t<\/div>\n\t\t\t\t<\/div>\n\t\t\t\t\t<\/div>\n\t\t\t\t<\/div>\n\t\t<div class=\"elementor-element elementor-element-fb47c2a e-flex e-con-boxed e-con e-parent\" data-id=\"fb47c2a\" data-element_type=\"container\">\n\t\t\t\t\t<div class=\"e-con-inner\">\n\t\t<div class=\"elementor-element elementor-element-ff7eb2a e-con-full e-flex e-con e-child\" data-id=\"ff7eb2a\" data-element_type=\"container\">\n\t\t\t\t<div class=\"elementor-element elementor-element-945c705 elementor-widget elementor-widget-text-editor\" data-id=\"945c705\" data-element_type=\"widget\" data-widget_type=\"text-editor.default\">\n\t\t\t\t<div class=\"elementor-widget-container\">\n\t\t\t\t\t\t\t\t\t<p align=\"justify\">We thank you for your purchase from Source Om\u00e9ga Inc. Our guarantee has two parts:<\/p><p align=\"justify\">1.\u00a0<strong>If<\/strong>\u00a0you are in an area that we serve and\u00a0<strong>if you sign<\/strong>\u00a0a maintenance contract with Source Omega:<\/p><p class=\"text-to-left\" align=\"justify\">a.. Your appliance includes a conditional 7-year warranty on refrigeration components and labor (e.g.\u00a0<strong>the maintenance\u00a0<u>must<\/u>\u00a0be done by Source Omega<\/strong>), repairs at our workshop. We will pick up your unit, in the event of damage, and reinstall your repaired device, or a new device. As long as the device is under warranty, if a breakage occurs, it is our responsibility to repair your device, or replace it with another. If we decide to replace it, it will be guaranteed for the remaining warranty period since the purchase of the first device, and not since its installation date.<\/p><p align=\"justify\">2.\u00a0<strong>If<\/strong>\u00a0you are in an area that we serve and\u00a0<strong>you do not sign<\/strong>\u00a0a maintenance contract with Source Omega:\u00a0<strong><u>OR<\/u>\u00a0if\u00a0<\/strong>you are in a remote area where we do not travel:<\/p><p class=\"text-to-left\" align=\"justify\">a. Source Omega recommends regular changing of filters, p. ex. the softener filter should be checked every 4 months and replaced\u00a0<u>at least<\/u>\u00a0once a year. The other two filters (sediment and carbon) must be changed\u00a0<u>once a year<\/u>, by KS and KCB filters sold by Source Om\u00e9ga, failing which this warranty will be voided.\u00a0<strong>Therefore, your device will no longer be under warranty if, after 12 months, no Source Omega filter has been purchased.<\/strong><\/p><p class=\"text-to-left\" align=\"justify\">b. As long as you respect this condition, e.g. ex. whether you order and change the 3 filters every year on the anniversary date, the device will have a 7-year warranty on refrigeration components and labor, repairs at our workshop. The unit must be sent to us at your expense and will be returned to you, after repair, at our expense. As long as the device is under warranty, if a breakage occurs, it is our responsibility to repair your device, or replace it with another. If we decide to replace it, it will be guaranteed for the remaining warranty period since the purchase of the first device and not since its installation date.<\/p><p align=\"justify\">The softener filter is designed to retain limescale present in the water. If the softener filter is not changed according to our recommendations, and limescale deposits form, it will act as an insulator and cause the refrigeration components to work harder, making them more prone to breakage. Refrigeration efficiency will be reduced and there will therefore be less cold water. Limescale can clog the spout tap mechanism: water will come out of the unit endlessly and cause the refrigeration to run non-stop.<\/p><p align=\"justify\">As for the other two filters, they retain sediment suspended in the water as well as the bad taste and odor of chlorine (carbon filter). They ensure good water quality is maintained. To avoid large proliferations of bacteria, the three filters must be replaced annually, or following a boil water notice from the municipality, with original KS, KA and KCP filters.\u00a0<strong>If you do the maintenance yourself, you must purchase the 3 replacement filters and the batteries for the water leak detector from Source Om\u00e9ga, once a year, for the 7-year warranty to be maintained.\u00a0<\/strong>If the three filters are not replaced annually, as recommended, Source Omega assumes no responsibility if your employees become ill due to bacteria.<\/p><p align=\"justify\">To ensure that the filters are changed periodically, Source Om\u00e9ga will send you a letter every 4 months, asking you to carry out the softener filter efficiency test, and, if necessary, to send us an order form for purchasing a replacement softener filter. In addition, once a year, on the anniversary of the purchase of your device, we will send you a letter to order the three replacement filters as well as the batteries for the water leak detector.<\/p><p align=\"justify\">If no order is placed after the first 12 months,<strong>\u00a0there will no longer be any guarantee<\/strong>\u00a0on refrigeration components or labor.<\/p><p align=\"justify\">Products that are defective for any other reason, at the discretion of Source Omega, such as improper installation, failure to follow recommended installation procedures and operating instructions, negligence, willful damage, improper use or vandalism, accidental damage, modification, alteration, or repair by a person other than Source Omega, are not covered by this warranty.<\/p><p align=\"justify\">Please do not hesitate to contact us at 1 877 859-2837, by email or by our\u00a0<a href=\"https:\/\/backup.sourceomega-13730204208.futehost.ca\/en\/nous-joindre\/\"><strong>contact form<\/strong><\/a><\/p>\t\t\t\t\t\t\t\t<\/div>\n\t\t\t\t<\/div>\n\t\t\t\t<\/div>\n\t\t<div class=\"elementor-element elementor-element-5697974 e-con-full e-flex e-con e-child\" data-id=\"5697974\" data-element_type=\"container\">\n\t\t\t\t<div class=\"elementor-element elementor-element-c0fbe0b elementor-widget elementor-widget-image\" data-id=\"c0fbe0b\" data-element_type=\"widget\" data-widget_type=\"image.default\">\n\t\t\t\t<div class=\"elementor-widget-container\">\n\t\t\t\t\t\t\t\t\t\t\t\t\t\t\t<img decoding=\"async\" src=\"https:\/\/backup.sourceomega-13730204208.futehost.ca\/wp-content\/uploads\/2022\/09\/slider-rousse.png\" title=\"\" alt=\"\" loading=\"lazy\" \/>\t\t\t\t\t\t\t\t\t\t\t\t\t\t\t<\/div>\n\t\t\t\t<\/div>\n\t\t\t\t<div class=\"elementor-element elementor-element-603a1fd elementor-widget elementor-widget-spacer\" data-id=\"603a1fd\" data-element_type=\"widget\" data-widget_type=\"spacer.default\">\n\t\t\t\t<div class=\"elementor-widget-container\">\n\t\t\t\t\t\t\t<div class=\"elementor-spacer\">\n\t\t\t<div class=\"elementor-spacer-inner\"><\/div>\n\t\t<\/div>\n\t\t\t\t\t\t<\/div>\n\t\t\t\t<\/div>\n\t\t\t\t<div class=\"elementor-element elementor-element-69951e9 elementor-widget elementor-widget-image\" data-id=\"69951e9\" data-element_type=\"widget\" data-widget_type=\"image.default\">\n\t\t\t\t<div class=\"elementor-widget-container\">\n\t\t\t\t\t\t\t\t\t\t\t\t\t\t\t<img fetchpriority=\"high\" decoding=\"async\" width=\"800\" height=\"500\" src=\"https:\/\/backup.sourceomega-13730204208.futehost.ca\/wp-content\/uploads\/2022\/03\/CPE-eau-2.png\" class=\"attachment-large size-large wp-image-11094\" alt=\"\" srcset=\"https:\/\/backup.sourceomega-13730204208.futehost.ca\/wp-content\/uploads\/2022\/03\/CPE-eau-2.png 800w, https:\/\/backup.sourceomega-13730204208.futehost.ca\/wp-content\/uploads\/2022\/03\/CPE-eau-2-400x250.png 400w, https:\/\/backup.sourceomega-13730204208.futehost.ca\/wp-content\/uploads\/2022\/03\/CPE-eau-2-768x480.png 768w, https:\/\/backup.sourceomega-13730204208.futehost.ca\/wp-content\/uploads\/2022\/03\/CPE-eau-2-600x375.png 600w\" sizes=\"(max-width: 800px) 100vw, 800px\" \/>\t\t\t\t\t\t\t\t\t\t\t\t\t\t\t<\/div>\n\t\t\t\t<\/div>\n\t\t\t\t<div class=\"elementor-element elementor-element-aba3602 elementor-widget elementor-widget-spacer\" data-id=\"aba3602\" data-element_type=\"widget\" data-widget_type=\"spacer.default\">\n\t\t\t\t<div class=\"elementor-widget-container\">\n\t\t\t\t\t\t\t<div class=\"elementor-spacer\">\n\t\t\t<div class=\"elementor-spacer-inner\"><\/div>\n\t\t<\/div>\n\t\t\t\t\t\t<\/div>\n\t\t\t\t<\/div>\n\t\t\t\t<div class=\"elementor-element elementor-element-3a99abc elementor-widget elementor-widget-image\" data-id=\"3a99abc\" data-element_type=\"widget\" data-widget_type=\"image.default\">\n\t\t\t\t<div class=\"elementor-widget-container\">\n\t\t\t\t\t\t\t\t\t\t\t\t\t\t\t<img decoding=\"async\" width=\"450\" height=\"338\" src=\"https:\/\/backup.sourceomega-13730204208.futehost.ca\/wp-content\/uploads\/2021\/01\/temoignages.jpg\" class=\"attachment-large size-large wp-image-8404\" alt=\"\" srcset=\"https:\/\/backup.sourceomega-13730204208.futehost.ca\/wp-content\/uploads\/2021\/01\/temoignages.jpg 450w, https:\/\/backup.sourceomega-13730204208.futehost.ca\/wp-content\/uploads\/2021\/01\/temoignages-300x225.jpg 300w\" sizes=\"(max-width: 450px) 100vw, 450px\" \/>\t\t\t\t\t\t\t\t\t\t\t\t\t\t\t<\/div>\n\t\t\t\t<\/div>\n\t\t\t\t<div class=\"elementor-element elementor-element-6af23ad elementor-widget elementor-widget-spacer\" data-id=\"6af23ad\" data-element_type=\"widget\" data-widget_type=\"spacer.default\">\n\t\t\t\t<div class=\"elementor-widget-container\">\n\t\t\t\t\t\t\t<div class=\"elementor-spacer\">\n\t\t\t<div class=\"elementor-spacer-inner\"><\/div>\n\t\t<\/div>\n\t\t\t\t\t\t<\/div>\n\t\t\t\t<\/div>\n\t\t\t\t<div class=\"elementor-element elementor-element-48e0e10 elementor-widget elementor-widget-image\" data-id=\"48e0e10\" data-element_type=\"widget\" data-widget_type=\"image.default\">\n\t\t\t\t<div class=\"elementor-widget-container\">\n\t\t\t\t\t\t\t\t\t\t\t\t\t\t\t<img decoding=\"async\" width=\"800\" height=\"534\" src=\"https:\/\/backup.sourceomega-13730204208.futehost.ca\/wp-content\/uploads\/2021\/10\/flow-3528344_1920-1024x683.jpg\" class=\"attachment-large size-large wp-image-10386\" alt=\"\" srcset=\"https:\/\/backup.sourceomega-13730204208.futehost.ca\/wp-content\/uploads\/2021\/10\/flow-3528344_1920-1024x683.jpg 1024w, https:\/\/backup.sourceomega-13730204208.futehost.ca\/wp-content\/uploads\/2021\/10\/flow-3528344_1920-400x267.jpg 400w, https:\/\/backup.sourceomega-13730204208.futehost.ca\/wp-content\/uploads\/2021\/10\/flow-3528344_1920-768x512.jpg 768w, https:\/\/backup.sourceomega-13730204208.futehost.ca\/wp-content\/uploads\/2021\/10\/flow-3528344_1920-1536x1024.jpg 1536w, https:\/\/backup.sourceomega-13730204208.futehost.ca\/wp-content\/uploads\/2021\/10\/flow-3528344_1920-600x400.jpg 600w, https:\/\/backup.sourceomega-13730204208.futehost.ca\/wp-content\/uploads\/2021\/10\/flow-3528344_1920.jpg 1920w\" sizes=\"(max-width: 800px) 100vw, 800px\" \/>\t\t\t\t\t\t\t\t\t\t\t\t\t\t\t<\/div>\n\t\t\t\t<\/div>\n\t\t\t\t<\/div>\n\t\t\t\t\t<\/div>\n\t\t\t\t<\/div>\n\t\t<div class=\"elementor-element elementor-element-c49523c e-flex e-con-boxed e-con e-parent\" data-id=\"c49523c\" data-element_type=\"container\">\n\t\t\t\t\t<div class=\"e-con-inner\">\n\t\t\t\t\t<\/div>\n\t\t\t\t<\/div>\n\t\t\t\t<\/div>","protected":false},"excerpt":{"rendered":"<p>La garantie Source Om\u00e9ga Nous vous remercions pour votre achat chez Source Om\u00e9ga Inc. Notre garantie comporte deux volets : 1.\u00a0Si\u00a0vous \u00eates dans une r\u00e9gion que nous desservons et\u00a0si vous signez\u00a0un contrat d\u2019entretien avec Source Om\u00e9ga : a. Votre appareil comprend une garantie conditionnelle de 7 ans sur les composantes de r\u00e9frig\u00e9ration et la main [&hellip;]<\/p>","protected":false},"author":4,"featured_media":87,"parent":0,"menu_order":0,"comment_status":"closed","ping_status":"closed","template":"","meta":{"_acf_changed":false,"footnotes":""},"acf":[],"_links":{"self":[{"href":"https:\/\/backup.sourceomega-13730204208.futehost.ca\/en\/wp-json\/wp\/v2\/pages\/1077"}],"collection":[{"href":"https:\/\/backup.sourceomega-13730204208.futehost.ca\/en\/wp-json\/wp\/v2\/pages"}],"about":[{"href":"https:\/\/backup.sourceomega-13730204208.futehost.ca\/en\/wp-json\/wp\/v2\/types\/page"}],"author":[{"embeddable":true,"href":"https:\/\/backup.sourceomega-13730204208.futehost.ca\/en\/wp-json\/wp\/v2\/users\/4"}],"replies":[{"embeddable":true,"href":"https:\/\/backup.sourceomega-13730204208.futehost.ca\/en\/wp-json\/wp\/v2\/comments?post=1077"}],"version-history":[{"count":8,"href":"https:\/\/backup.sourceomega-13730204208.futehost.ca\/en\/wp-json\/wp\/v2\/pages\/1077\/revisions"}],"predecessor-version":[{"id":18701,"href":"https:\/\/backup.sourceomega-13730204208.futehost.ca\/en\/wp-json\/wp\/v2\/pages\/1077\/revisions\/18701"}],"wp:featuredmedia":[{"embeddable":true,"href":"https:\/\/backup.sourceomega-13730204208.futehost.ca\/en\/wp-json\/wp\/v2\/media\/87"}],"wp:attachment":[{"href":"https:\/\/backup.sourceomega-13730204208.futehost.ca\/en\/wp-json\/wp\/v2\/media?parent=1077"}],"curies":[{"name":"wp","href":"https:\/\/api.w.org\/{rel}","templated":true}]}}