{"id":11907,"date":"2022-06-15T11:06:57","date_gmt":"2022-06-15T15:06:57","guid":{"rendered":"https:\/\/backup.sourceomega-13730204208.futehost.ca\/?page_id=11907"},"modified":"2024-06-25T09:12:20","modified_gmt":"2024-06-25T13:12:20","slug":"entreprises-et-manufactures","status":"publish","type":"page","link":"https:\/\/backup.sourceomega-13730204208.futehost.ca\/en\/entreprises-et-manufactures\/","title":{"rendered":"Entreprises et manufactures"},"content":{"rendered":"<div data-elementor-type=\"wp-page\" data-elementor-id=\"11907\" class=\"elementor elementor-11907\" data-elementor-post-type=\"page\">\n\t\t\t\t<div class=\"elementor-element elementor-element-61aca3b e-flex e-con-boxed e-con e-parent\" data-id=\"61aca3b\" data-element_type=\"container\" data-settings=\"{&quot;background_background&quot;:&quot;classic&quot;}\">\n\t\t\t\t\t<div class=\"e-con-inner\">\n\t\t\t\t<div class=\"elementor-element elementor-element-e911f15 elementor-widget elementor-widget-heading\" data-id=\"e911f15\" data-element_type=\"widget\" data-widget_type=\"heading.default\">\n\t\t\t\t<div class=\"elementor-widget-container\">\n\t\t\t\t\t<h2 class=\"elementor-heading-title elementor-size-default\">Our water fountains designed for you<\/h2>\t\t\t\t<\/div>\n\t\t\t\t<\/div>\n\t\t\t\t\t<\/div>\n\t\t\t\t<\/div>\n\t\t<div class=\"elementor-element elementor-element-36a80a6 e-flex e-con-boxed e-con e-parent\" data-id=\"36a80a6\" data-element_type=\"container\">\n\t\t\t\t\t<div class=\"e-con-inner\">\n\t\t<div class=\"elementor-element elementor-element-5140729 e-con-full e-flex e-con e-child\" data-id=\"5140729\" data-element_type=\"container\">\n\t\t\t\t<div class=\"elementor-element elementor-element-f15b6fe elementor-widget elementor-widget-heading\" data-id=\"f15b6fe\" data-element_type=\"widget\" data-widget_type=\"heading.default\">\n\t\t\t\t<div class=\"elementor-widget-container\">\n\t\t\t\t\t<h2 class=\"elementor-heading-title elementor-size-default\">Factories and Manufactures<\/h2>\t\t\t\t<\/div>\n\t\t\t\t<\/div>\n\t\t\t\t<div class=\"elementor-element elementor-element-1fa81ce elementor-widget elementor-widget-text-editor\" data-id=\"1fa81ce\" data-element_type=\"widget\" data-widget_type=\"text-editor.default\">\n\t\t\t\t<div class=\"elementor-widget-container\">\n\t\t\t\t\t\t\t\t\t<p>When we think of factories and factory working conditions, high heat immediately comes to mind.<\/p><p>Fortunately, Source Om\u00e9ga offers you solutions to quench the thirst of your workers! No matter the size of your work team, we are equipped to serve you! The same goes for your offices adjacent to your factory, including the reception and waiting room.<\/p><p>We have a wide range of devices in inventory, including several robust devices made of 1.5 mm thick steel. They include a triple filtration system and a stainless steel tank that ensures good tasting water, as well as a 7 years\u00a0<a href=\"https:\/\/backup.sourceomega-13730204208.futehost.ca\/en\/garantie\/\">conditional guarantee<\/a>\u00a0and a water leak detector.<\/p>\t\t\t\t\t\t\t\t<\/div>\n\t\t\t\t<\/div>\n\t\t\t\t<div class=\"elementor-element elementor-element-94571b6 elementor-widget elementor-widget-heading\" data-id=\"94571b6\" data-element_type=\"widget\" data-widget_type=\"heading.default\">\n\t\t\t\t<div class=\"elementor-widget-container\">\n\t\t\t\t\t<h3 class=\"elementor-heading-title elementor-size-default\">Here are some of our best sellers.<\/h3>\t\t\t\t<\/div>\n\t\t\t\t<\/div>\n\t\t\t\t<\/div>\n\t\t\t\t\t<\/div>\n\t\t\t\t<\/div>\n\t\t<div class=\"elementor-element elementor-element-83fb8bf e-flex e-con-boxed e-con e-parent\" data-id=\"83fb8bf\" data-element_type=\"container\" data-settings=\"{&quot;background_background&quot;:&quot;classic&quot;}\">\n\t\t\t\t\t<div class=\"e-con-inner\">\n\t\t<div class=\"elementor-element elementor-element-25eb451 e-con-full e-flex e-con e-child\" data-id=\"25eb451\" data-element_type=\"container\" data-settings=\"{&quot;background_background&quot;:&quot;classic&quot;}\">\n\t\t\t\t<div class=\"elementor-element elementor-element-11e2f9d elementor-widget elementor-widget-heading\" data-id=\"11e2f9d\" data-element_type=\"widget\" data-widget_type=\"heading.default\">\n\t\t\t\t<div class=\"elementor-widget-container\">\n\t\t\t\t\t<h2 class=\"elementor-heading-title elementor-size-default\">SO-6215<\/h2>\t\t\t\t<\/div>\n\t\t\t\t<\/div>\n\t\t\t\t<div class=\"elementor-element elementor-element-5ccd0c0 elementor-widget elementor-widget-heading\" data-id=\"5ccd0c0\" data-element_type=\"widget\" data-settings=\"{&quot;_animation&quot;:&quot;none&quot;}\" data-widget_type=\"heading.default\">\n\t\t\t\t<div class=\"elementor-widget-container\">\n\t\t\t\t\t<h2 class=\"elementor-heading-title elementor-size-default\">The classic<\/h2>\t\t\t\t<\/div>\n\t\t\t\t<\/div>\n\t\t\t\t<div class=\"elementor-element elementor-element-820860d elementor-widget elementor-widget-text-editor\" data-id=\"820860d\" data-element_type=\"widget\" data-widget_type=\"text-editor.default\">\n\t\t\t\t<div class=\"elementor-widget-container\">\n\t\t\t\t\t\t\t\t\t<p>Thick steel panels, with a 3 liter tank and a cooling capacity of 20 liters per hour, the perfect recipe for providing your employees with easy access to cold, good tasting water.<\/p><p>On this device it is also possible to install a pedal valve or a bottle filler, in order to avoid contact with the hands.<\/p><p>We also have the wall version which is available. So, the same advantages, but a device that can be installed on the wall.<\/p>\t\t\t\t\t\t\t\t<\/div>\n\t\t\t\t<\/div>\n\t\t\t\t<div class=\"elementor-element elementor-element-d47e955 elementor-align-center elementor-widget elementor-widget-button\" data-id=\"d47e955\" data-element_type=\"widget\" data-widget_type=\"button.default\">\n\t\t\t\t<div class=\"elementor-widget-container\">\n\t\t\t\t\t\t\t\t\t<div class=\"elementor-button-wrapper\">\n\t\t\t\t\t<a class=\"elementor-button elementor-button-link elementor-size-sm\" href=\"https:\/\/backup.sourceomega-13730204208.futehost.ca\/en\/abreuvoir\/so-6215\/\">\n\t\t\t\t\t\t<span class=\"elementor-button-content-wrapper\">\n\t\t\t\t\t\t\t\t\t<span class=\"elementor-button-text\">To know more <\/span>\n\t\t\t\t\t<\/span>\n\t\t\t\t\t<\/a>\n\t\t\t\t<\/div>\n\t\t\t\t\t\t\t\t<\/div>\n\t\t\t\t<\/div>\n\t\t\t\t<\/div>\n\t\t<div class=\"elementor-element elementor-element-c24b50d e-con-full e-flex e-con e-child\" data-id=\"c24b50d\" data-element_type=\"container\" data-settings=\"{&quot;background_background&quot;:&quot;classic&quot;}\">\n\t\t\t\t<div class=\"elementor-element elementor-element-16d1bde elementor--h-position-center elementor--v-position-middle elementor-arrows-position-inside elementor-pagination-position-inside elementor-widget elementor-widget-slides\" data-id=\"16d1bde\" data-element_type=\"widget\" data-settings=\"{&quot;navigation&quot;:&quot;both&quot;,&quot;autoplay&quot;:&quot;yes&quot;,&quot;pause_on_hover&quot;:&quot;yes&quot;,&quot;pause_on_interaction&quot;:&quot;yes&quot;,&quot;autoplay_speed&quot;:5000,&quot;infinite&quot;:&quot;yes&quot;,&quot;transition&quot;:&quot;slide&quot;,&quot;transition_speed&quot;:500}\" data-widget_type=\"slides.default\">\n\t\t\t\t<div class=\"elementor-widget-container\">\n\t\t\t\t\t\t\t<div class=\"elementor-swiper\">\n\t\t\t<div class=\"elementor-slides-wrapper elementor-main-swiper swiper-container\" dir=\"ltr\" data-animation=\"fadeInUp\">\n\t\t\t\t<div class=\"swiper-wrapper elementor-slides\">\n\t\t\t\t\t\t\t\t\t\t<div class=\"elementor-repeater-item-1096045 swiper-slide\"><div class=\"swiper-slide-bg\" role=\"img\"><\/div><div class=\"swiper-slide-inner\" ><div class=\"swiper-slide-contents\"><\/div><\/div><\/div>\t\t\t\t<\/div>\n\t\t\t\t\t\t\t<\/div>\n\t\t<\/div>\n\t\t\t\t\t\t<\/div>\n\t\t\t\t<\/div>\n\t\t\t\t<\/div>\n\t\t\t\t\t<\/div>\n\t\t\t\t<\/div>\n\t\t<div class=\"elementor-element elementor-element-d2d7306 e-flex e-con-boxed e-con e-parent\" data-id=\"d2d7306\" data-element_type=\"container\">\n\t\t\t\t\t<div class=\"e-con-inner\">\n\t\t<div class=\"elementor-element elementor-element-c62e493 e-con-full e-flex e-con e-child\" data-id=\"c62e493\" data-element_type=\"container\" data-settings=\"{&quot;background_background&quot;:&quot;classic&quot;}\">\n\t\t\t\t<div class=\"elementor-element elementor-element-4228e3e elementor-widget elementor-widget-spacer\" data-id=\"4228e3e\" data-element_type=\"widget\" data-widget_type=\"spacer.default\">\n\t\t\t\t<div class=\"elementor-widget-container\">\n\t\t\t\t\t\t\t<div class=\"elementor-spacer\">\n\t\t\t<div class=\"elementor-spacer-inner\"><\/div>\n\t\t<\/div>\n\t\t\t\t\t\t<\/div>\n\t\t\t\t<\/div>\n\t\t\t\t<div class=\"elementor-element elementor-element-18ec2b5 elementor--h-position-center elementor--v-position-middle elementor-arrows-position-inside elementor-pagination-position-inside elementor-widget elementor-widget-slides\" data-id=\"18ec2b5\" data-element_type=\"widget\" data-settings=\"{&quot;navigation&quot;:&quot;both&quot;,&quot;autoplay&quot;:&quot;yes&quot;,&quot;pause_on_hover&quot;:&quot;yes&quot;,&quot;pause_on_interaction&quot;:&quot;yes&quot;,&quot;autoplay_speed&quot;:5000,&quot;infinite&quot;:&quot;yes&quot;,&quot;transition&quot;:&quot;slide&quot;,&quot;transition_speed&quot;:500}\" data-widget_type=\"slides.default\">\n\t\t\t\t<div class=\"elementor-widget-container\">\n\t\t\t\t\t\t\t<div class=\"elementor-swiper\">\n\t\t\t<div class=\"elementor-slides-wrapper elementor-main-swiper swiper-container\" dir=\"ltr\" data-animation=\"fadeInUp\">\n\t\t\t\t<div class=\"swiper-wrapper elementor-slides\">\n\t\t\t\t\t\t\t\t\t\t<div class=\"elementor-repeater-item-1096045 swiper-slide\"><div class=\"swiper-slide-bg\" role=\"img\"><\/div><div class=\"swiper-slide-inner\" ><div class=\"swiper-slide-contents\"><\/div><\/div><\/div><div class=\"elementor-repeater-item-bb658cc swiper-slide\"><div class=\"swiper-slide-bg\" role=\"img\"><\/div><div class=\"swiper-slide-inner\" ><div class=\"swiper-slide-contents\"><\/div><\/div><\/div>\t\t\t\t<\/div>\n\t\t\t\t\t\t\t\t\t\t\t\t\t\t\t<div class=\"swiper-pagination\"><\/div>\n\t\t\t\t\t\t\t\t\t\t\t\t\t\t\t\t<div class=\"elementor-swiper-button elementor-swiper-button-prev\" role=\"button\" tabindex=\"0\">\n\t\t\t\t\t\t\t<i aria-hidden=\"true\" class=\"eicon-chevron-left\"><\/i>\t\t\t\t\t\t\t<span class=\"elementor-screen-only\">Previous slide<\/span>\n\t\t\t\t\t\t<\/div>\n\t\t\t\t\t\t<div class=\"elementor-swiper-button elementor-swiper-button-next\" role=\"button\" tabindex=\"0\">\n\t\t\t\t\t\t\t<i aria-hidden=\"true\" class=\"eicon-chevron-right\"><\/i>\t\t\t\t\t\t\t<span class=\"elementor-screen-only\">Next slide<\/span>\n\t\t\t\t\t\t<\/div>\n\t\t\t\t\t\t\t\t\t\t\t\t<\/div>\n\t\t<\/div>\n\t\t\t\t\t\t<\/div>\n\t\t\t\t<\/div>\n\t\t\t\t<\/div>\n\t\t<div class=\"elementor-element elementor-element-d89d16f e-con-full e-flex e-con e-child\" data-id=\"d89d16f\" data-element_type=\"container\" data-settings=\"{&quot;background_background&quot;:&quot;classic&quot;}\">\n\t\t\t\t<div class=\"elementor-element elementor-element-b8c0e5a elementor-widget elementor-widget-heading\" data-id=\"b8c0e5a\" data-element_type=\"widget\" data-widget_type=\"heading.default\">\n\t\t\t\t<div class=\"elementor-widget-container\">\n\t\t\t\t\t<h2 class=\"elementor-heading-title elementor-size-default\">SO-10<\/h2>\t\t\t\t<\/div>\n\t\t\t\t<\/div>\n\t\t\t\t<div class=\"elementor-element elementor-element-daf2c1b elementor-invisible elementor-widget elementor-widget-heading\" data-id=\"daf2c1b\" data-element_type=\"widget\" data-settings=\"{&quot;_animation&quot;:&quot;zoomIn&quot;}\" data-widget_type=\"heading.default\">\n\t\t\t\t<div class=\"elementor-widget-container\">\n\t\t\t\t\t<h2 class=\"elementor-heading-title elementor-size-default\">Covid-19 solution<\/h2>\t\t\t\t<\/div>\n\t\t\t\t<\/div>\n\t\t\t\t<div class=\"elementor-element elementor-element-709f68d elementor-widget elementor-widget-text-editor\" data-id=\"709f68d\" data-element_type=\"widget\" data-widget_type=\"text-editor.default\">\n\t\t\t\t<div class=\"elementor-widget-container\">\n\t\t\t\t\t\t\t\t\t<p>When the pandemic entered the fray at the beginning of 2020, we had to react quickly! We have therefore developed this bottle filler which can be easily added to the majority of devices on the market regardless of the brand, i.e. Source Om\u00e9ga, Oasis, Elkay, Haws, Halsey-Taylor, etc.<\/p><p>Offered in 2 versions, electronic and mechanical, the SO-10 offers the user a contactless solution. No need to put your hand or fingers on the device. This device, designed and manufactured in Quebec, can be easily installed on devices of all brands, including Source Om\u00e9ga, Oasis, Elkay, Haws, Halsey-Taylor, etc. Completely made of stainless steel, it will match all your decor.<\/p>\t\t\t\t\t\t\t\t<\/div>\n\t\t\t\t<\/div>\n\t\t\t\t<div class=\"elementor-element elementor-element-8dbbf26 elementor-align-center elementor-widget elementor-widget-button\" data-id=\"8dbbf26\" data-element_type=\"widget\" data-widget_type=\"button.default\">\n\t\t\t\t<div class=\"elementor-widget-container\">\n\t\t\t\t\t\t\t\t\t<div class=\"elementor-button-wrapper\">\n\t\t\t\t\t<a class=\"elementor-button elementor-button-link elementor-size-sm\" href=\"https:\/\/backup.sourceomega-13730204208.futehost.ca\/en\/abreuvoir\/so-6215\/\">\n\t\t\t\t\t\t<span class=\"elementor-button-content-wrapper\">\n\t\t\t\t\t\t\t\t\t<span class=\"elementor-button-text\">To know more <\/span>\n\t\t\t\t\t<\/span>\n\t\t\t\t\t<\/a>\n\t\t\t\t<\/div>\n\t\t\t\t\t\t\t\t<\/div>\n\t\t\t\t<\/div>\n\t\t\t\t<\/div>\n\t\t\t\t\t<\/div>\n\t\t\t\t<\/div>\n\t\t<div class=\"elementor-element elementor-element-21030f4 e-flex e-con-boxed e-con e-parent\" data-id=\"21030f4\" data-element_type=\"container\">\n\t\t\t\t\t<div class=\"e-con-inner\">\n\t\t<div class=\"elementor-element elementor-element-b8fe953 e-con-full e-flex e-con e-child\" data-id=\"b8fe953\" data-element_type=\"container\" data-settings=\"{&quot;background_background&quot;:&quot;classic&quot;}\">\n\t\t\t\t<div class=\"elementor-element elementor-element-d10828b elementor-widget elementor-widget-heading\" data-id=\"d10828b\" data-element_type=\"widget\" data-widget_type=\"heading.default\">\n\t\t\t\t<div class=\"elementor-widget-container\">\n\t\t\t\t\t<h2 class=\"elementor-heading-title elementor-size-default\">SO-2035<\/h2>\t\t\t\t<\/div>\n\t\t\t\t<\/div>\n\t\t\t\t<div class=\"elementor-element elementor-element-d570435 elementor-widget elementor-widget-heading\" data-id=\"d570435\" data-element_type=\"widget\" data-widget_type=\"heading.default\">\n\t\t\t\t<div class=\"elementor-widget-container\">\n\t\t\t\t\t<h2 class=\"elementor-heading-title elementor-size-default\">Cold, hot and temperate water<\/h2>\t\t\t\t<\/div>\n\t\t\t\t<\/div>\n\t\t\t\t<div class=\"elementor-element elementor-element-6218fbe elementor-widget elementor-widget-text-editor\" data-id=\"6218fbe\" data-element_type=\"widget\" data-widget_type=\"text-editor.default\">\n\t\t\t\t<div class=\"elementor-widget-container\">\n\t\t\t\t\t\t\t\t\t<p>Don't compromise. With our elegant cooler, the SO-2035, you will have cold, hot and temperate water to offer your employees and other users. They can easily have a nice glass of cold water in summer and make a nice hot tea in winter. As a bonus, there is no longer any need to risk an employee being injured when handling an 18 liter bottle.<\/p>\t\t\t\t\t\t\t\t<\/div>\n\t\t\t\t<\/div>\n\t\t\t\t<div class=\"elementor-element elementor-element-cf6b89a elementor-align-center elementor-widget elementor-widget-button\" data-id=\"cf6b89a\" data-element_type=\"widget\" data-widget_type=\"button.default\">\n\t\t\t\t<div class=\"elementor-widget-container\">\n\t\t\t\t\t\t\t\t\t<div class=\"elementor-button-wrapper\">\n\t\t\t\t\t<a class=\"elementor-button elementor-button-link elementor-size-sm\" href=\"https:\/\/backup.sourceomega-13730204208.futehost.ca\/en\/refroidisseur\/so-2035\/\">\n\t\t\t\t\t\t<span class=\"elementor-button-content-wrapper\">\n\t\t\t\t\t\t\t\t\t<span class=\"elementor-button-text\">To know more <\/span>\n\t\t\t\t\t<\/span>\n\t\t\t\t\t<\/a>\n\t\t\t\t<\/div>\n\t\t\t\t\t\t\t\t<\/div>\n\t\t\t\t<\/div>\n\t\t\t\t<\/div>\n\t\t<div class=\"elementor-element elementor-element-be690e8 e-con-full e-flex e-con e-child\" data-id=\"be690e8\" data-element_type=\"container\" data-settings=\"{&quot;background_background&quot;:&quot;classic&quot;}\">\n\t\t\t\t<div class=\"elementor-element elementor-element-ebf9da3 elementor--h-position-center elementor--v-position-middle elementor-arrows-position-inside elementor-pagination-position-inside elementor-widget elementor-widget-slides\" data-id=\"ebf9da3\" data-element_type=\"widget\" data-settings=\"{&quot;navigation&quot;:&quot;both&quot;,&quot;autoplay&quot;:&quot;yes&quot;,&quot;pause_on_hover&quot;:&quot;yes&quot;,&quot;pause_on_interaction&quot;:&quot;yes&quot;,&quot;autoplay_speed&quot;:5000,&quot;infinite&quot;:&quot;yes&quot;,&quot;transition&quot;:&quot;slide&quot;,&quot;transition_speed&quot;:500}\" data-widget_type=\"slides.default\">\n\t\t\t\t<div class=\"elementor-widget-container\">\n\t\t\t\t\t\t\t<div class=\"elementor-swiper\">\n\t\t\t<div class=\"elementor-slides-wrapper elementor-main-swiper swiper-container\" dir=\"ltr\" data-animation=\"fadeInUp\">\n\t\t\t\t<div class=\"swiper-wrapper elementor-slides\">\n\t\t\t\t\t\t\t\t\t\t<div class=\"elementor-repeater-item-e2cb4ce swiper-slide\"><div class=\"swiper-slide-bg\" role=\"img\"><\/div><div class=\"swiper-slide-inner\" ><div class=\"swiper-slide-contents\"><\/div><\/div><\/div><div class=\"elementor-repeater-item-08d5145 swiper-slide\"><div class=\"swiper-slide-bg\" role=\"img\"><\/div><div class=\"swiper-slide-inner\" ><div class=\"swiper-slide-contents\"><\/div><\/div><\/div>\t\t\t\t<\/div>\n\t\t\t\t\t\t\t\t\t\t\t\t\t\t\t<div class=\"swiper-pagination\"><\/div>\n\t\t\t\t\t\t\t\t\t\t\t\t\t\t\t\t<div class=\"elementor-swiper-button elementor-swiper-button-prev\" role=\"button\" tabindex=\"0\">\n\t\t\t\t\t\t\t<i aria-hidden=\"true\" class=\"eicon-chevron-left\"><\/i>\t\t\t\t\t\t\t<span class=\"elementor-screen-only\">Previous slide<\/span>\n\t\t\t\t\t\t<\/div>\n\t\t\t\t\t\t<div class=\"elementor-swiper-button elementor-swiper-button-next\" role=\"button\" tabindex=\"0\">\n\t\t\t\t\t\t\t<i aria-hidden=\"true\" class=\"eicon-chevron-right\"><\/i>\t\t\t\t\t\t\t<span class=\"elementor-screen-only\">Next slide<\/span>\n\t\t\t\t\t\t<\/div>\n\t\t\t\t\t\t\t\t\t\t\t\t<\/div>\n\t\t<\/div>\n\t\t\t\t\t\t<\/div>\n\t\t\t\t<\/div>\n\t\t\t\t<\/div>\n\t\t\t\t\t<\/div>\n\t\t\t\t<\/div>\n\t\t<div class=\"elementor-element elementor-element-4876b3f e-flex e-con-boxed e-con e-parent\" data-id=\"4876b3f\" data-element_type=\"container\">\n\t\t\t\t\t<div class=\"e-con-inner\">\n\t\t<div class=\"elementor-element elementor-element-e3273c3 e-con-full e-flex e-con e-child\" data-id=\"e3273c3\" data-element_type=\"container\">\n\t\t\t\t<div class=\"elementor-element elementor-element-cf83b7b elementor-widget elementor-widget-heading\" data-id=\"cf83b7b\" data-element_type=\"widget\" data-widget_type=\"heading.default\">\n\t\t\t\t<div class=\"elementor-widget-container\">\n\t\t\t\t\t<h2 class=\"elementor-heading-title elementor-size-default\">The importance of quality water <\/h2>\t\t\t\t<\/div>\n\t\t\t\t<\/div>\n\t\t\t\t<div class=\"elementor-element elementor-element-e91b39d elementor-widget elementor-widget-text-editor\" data-id=\"e91b39d\" data-element_type=\"widget\" data-widget_type=\"text-editor.default\">\n\t\t\t\t<div class=\"elementor-widget-container\">\n\t\t\t\t\t\t\t\t\t<p class=\"zw-paragraph\">When your employees are working hard, the last thing they want when they take a sip of water is water that's too hot from the tap or has a metallic taste from drinking troughs with a copper tank.<\/p><p>As for the \u201cgood old coolers with 18 liter plastic bottles\u201d, we are talking about a significant ecological expense here. It's not just the bottle, but the transport of the bottles, the storage with a room assigned to these large 18 liters, the risk of injury during handling and the danger of not having delivery during hot periods.<\/p><p class=\"zw-paragraph\">Source Om\u00e9ga offers exclusive models, for example the SO-10, this contactless bottle filler which makes us proud and which was our response to COVID-19. In addition, quality stainless steel drinking water fountains also have a stainless steel tank which ensures good-tasting water and avoids that metallic taste described above. We also offer a warranty that defies industry standards and not forgetting the most professional installation and maintenance follow-up.<\/p><p class=\"zw-paragraph\">Our products can be installed in the locations you want! Our sales team will guide you to the best products based on your needs and our team of experienced technicians will be quickly available to carry out the installation.<\/p><p class=\"zw-paragraph\">Since 1990, Source Om\u00e9ga has served a large number of industries and with good reason!\u00a0<\/p><p>\u00a0<\/p>\t\t\t\t\t\t\t\t<\/div>\n\t\t\t\t<\/div>\n\t\t<div class=\"elementor-element elementor-element-5eeebfd e-con-full e-flex e-con e-child\" data-id=\"5eeebfd\" data-element_type=\"container\">\n\t\t<div class=\"elementor-element elementor-element-3ee5e2e e-con-full e-flex e-con e-child\" data-id=\"3ee5e2e\" data-element_type=\"container\">\n\t\t\t\t<div class=\"elementor-element elementor-element-a975820 elementor-widget elementor-widget-image\" data-id=\"a975820\" data-element_type=\"widget\" data-widget_type=\"image.default\">\n\t\t\t\t<div class=\"elementor-widget-container\">\n\t\t\t\t\t\t\t\t\t\t\t\t\t\t\t<img fetchpriority=\"high\" decoding=\"async\" width=\"300\" height=\"300\" src=\"https:\/\/backup.sourceomega-13730204208.futehost.ca\/wp-content\/uploads\/2020\/10\/SO-10-sans-contact-300x300.png\" class=\"attachment-medium size-medium wp-image-8094\" alt=\"\" srcset=\"https:\/\/backup.sourceomega-13730204208.futehost.ca\/wp-content\/uploads\/2020\/10\/SO-10-sans-contact-300x300.png 300w, https:\/\/backup.sourceomega-13730204208.futehost.ca\/wp-content\/uploads\/2020\/10\/SO-10-sans-contact-200x200.png 200w, https:\/\/backup.sourceomega-13730204208.futehost.ca\/wp-content\/uploads\/2020\/10\/SO-10-sans-contact-600x600.png 600w, https:\/\/backup.sourceomega-13730204208.futehost.ca\/wp-content\/uploads\/2020\/10\/SO-10-sans-contact-150x150.png 150w, https:\/\/backup.sourceomega-13730204208.futehost.ca\/wp-content\/uploads\/2020\/10\/SO-10-sans-contact-768x768.png 768w, https:\/\/backup.sourceomega-13730204208.futehost.ca\/wp-content\/uploads\/2020\/10\/SO-10-sans-contact.png 1024w\" sizes=\"(max-width: 300px) 100vw, 300px\" \/>\t\t\t\t\t\t\t\t\t\t\t\t\t\t\t<\/div>\n\t\t\t\t<\/div>\n\t\t\t\t<\/div>\n\t\t<div class=\"elementor-element elementor-element-a6d50d2 e-con-full e-flex e-con e-child\" data-id=\"a6d50d2\" data-element_type=\"container\">\n\t\t\t\t<div class=\"elementor-element elementor-element-8eaf8ba elementor-widget elementor-widget-spacer\" data-id=\"8eaf8ba\" data-element_type=\"widget\" data-widget_type=\"spacer.default\">\n\t\t\t\t<div class=\"elementor-widget-container\">\n\t\t\t\t\t\t\t<div class=\"elementor-spacer\">\n\t\t\t<div class=\"elementor-spacer-inner\"><\/div>\n\t\t<\/div>\n\t\t\t\t\t\t<\/div>\n\t\t\t\t<\/div>\n\t\t\t\t<div class=\"elementor-element elementor-element-2a9465a elementor-widget elementor-widget-text-editor\" data-id=\"2a9465a\" data-element_type=\"widget\" data-widget_type=\"text-editor.default\">\n\t\t\t\t<div class=\"elementor-widget-container\">\n\t\t\t\t\t\t\t\t\t<h5 align=\"center\">You have questions?<\/h5><h5 align=\"center\">Thanks to our expertise, you will have the answers that can help you finalize your projects.<\/h5><h3 style=\"text-align: center;\">1-877 859-2837<\/h3><h3 align=\"center\">Products that have been well thought out<\/h3>\t\t\t\t\t\t\t\t<\/div>\n\t\t\t\t<\/div>\n\t\t\t\t<\/div>\n\t\t\t\t<\/div>\n\t\t\t\t<\/div>\n\t\t\t\t\t<\/div>\n\t\t\t\t<\/div>\n\t\t\t\t<\/div>","protected":false},"excerpt":{"rendered":"<p>Nos appareils pens\u00e9s pour vous Usines et Manufactures Quand on pense aux usines et aux manufactures, c\u2019est imm\u00e9diatement les conditions de travail sous haute chaleur qui nous viennent \u00e0 l\u2019esprit ! Heureusement, Source Om\u00e9ga vous offre des solutions pour \u00e9tancher la soif de vos travailleurs et travailleuses ! Peu importe la grosseur de votre \u00e9quipe [&hellip;]<\/p>","protected":false},"author":7,"featured_media":10943,"parent":0,"menu_order":0,"comment_status":"closed","ping_status":"closed","template":"elementor_header_footer","meta":{"_acf_changed":false,"footnotes":""},"acf":[],"_links":{"self":[{"href":"https:\/\/backup.sourceomega-13730204208.futehost.ca\/en\/wp-json\/wp\/v2\/pages\/11907"}],"collection":[{"href":"https:\/\/backup.sourceomega-13730204208.futehost.ca\/en\/wp-json\/wp\/v2\/pages"}],"about":[{"href":"https:\/\/backup.sourceomega-13730204208.futehost.ca\/en\/wp-json\/wp\/v2\/types\/page"}],"author":[{"embeddable":true,"href":"https:\/\/backup.sourceomega-13730204208.futehost.ca\/en\/wp-json\/wp\/v2\/users\/7"}],"replies":[{"embeddable":true,"href":"https:\/\/backup.sourceomega-13730204208.futehost.ca\/en\/wp-json\/wp\/v2\/comments?post=11907"}],"version-history":[{"count":117,"href":"https:\/\/backup.sourceomega-13730204208.futehost.ca\/en\/wp-json\/wp\/v2\/pages\/11907\/revisions"}],"predecessor-version":[{"id":19604,"href":"https:\/\/backup.sourceomega-13730204208.futehost.ca\/en\/wp-json\/wp\/v2\/pages\/11907\/revisions\/19604"}],"wp:featuredmedia":[{"embeddable":true,"href":"https:\/\/backup.sourceomega-13730204208.futehost.ca\/en\/wp-json\/wp\/v2\/media\/10943"}],"wp:attachment":[{"href":"https:\/\/backup.sourceomega-13730204208.futehost.ca\/en\/wp-json\/wp\/v2\/media?parent=11907"}],"curies":[{"name":"wp","href":"https:\/\/api.w.org\/{rel}","templated":true}]}}