{"id":12,"date":"2017-10-30T06:33:09","date_gmt":"2017-10-30T10:33:09","guid":{"rendered":"https:\/\/backup.sourceomega-13730204208.futehost.ca\/?page_id=12"},"modified":"2024-04-04T08:14:26","modified_gmt":"2024-04-04T12:14:26","slug":"blogue","status":"publish","type":"page","link":"https:\/\/backup.sourceomega-13730204208.futehost.ca\/en\/blogue\/","title":{"rendered":"Blog"},"content":{"rendered":"<div data-elementor-type=\"wp-page\" data-elementor-id=\"12\" class=\"elementor elementor-12\" data-elementor-post-type=\"page\">\n\t\t\t\t<div class=\"elementor-element elementor-element-5aa784d e-flex e-con-boxed e-con e-parent\" data-id=\"5aa784d\" data-element_type=\"container\" data-settings=\"{&quot;background_background&quot;:&quot;classic&quot;}\">\n\t\t\t\t\t<div class=\"e-con-inner\">\n\t\t\t\t<div class=\"elementor-element elementor-element-c491862 elementor-widget elementor-widget-heading\" data-id=\"c491862\" data-element_type=\"widget\" data-widget_type=\"heading.default\">\n\t\t\t\t<div class=\"elementor-widget-container\">\n\t\t\t\t\t<h2 class=\"elementor-heading-title elementor-size-default\">Bienvenue sur notre  blogue<\/h2>\t\t\t\t<\/div>\n\t\t\t\t<\/div>\n\t\t\t\t\t<\/div>\n\t\t\t\t<\/div>\n\t\t<div class=\"elementor-element elementor-element-ad140ce e-flex e-con-boxed e-con e-parent\" data-id=\"ad140ce\" data-element_type=\"container\">\n\t\t\t\t\t<div class=\"e-con-inner\">\n\t\t\t\t<div class=\"elementor-element elementor-element-1d13e40 elementor-grid-3 elementor-grid-tablet-2 elementor-grid-mobile-1 elementor-posts--thumbnail-top elementor-widget elementor-widget-posts\" data-id=\"1d13e40\" data-element_type=\"widget\" data-settings=\"{&quot;pagination_type&quot;:&quot;numbers_and_prev_next&quot;,&quot;classic_columns&quot;:&quot;3&quot;,&quot;classic_columns_tablet&quot;:&quot;2&quot;,&quot;classic_columns_mobile&quot;:&quot;1&quot;,&quot;classic_row_gap&quot;:{&quot;unit&quot;:&quot;px&quot;,&quot;size&quot;:35,&quot;sizes&quot;:[]},&quot;classic_row_gap_tablet&quot;:{&quot;unit&quot;:&quot;px&quot;,&quot;size&quot;:&quot;&quot;,&quot;sizes&quot;:[]},&quot;classic_row_gap_mobile&quot;:{&quot;unit&quot;:&quot;px&quot;,&quot;size&quot;:&quot;&quot;,&quot;sizes&quot;:[]}}\" data-widget_type=\"posts.classic\">\n\t\t\t\t<div class=\"elementor-widget-container\">\n\t\t\t\t\t\t\t<div class=\"elementor-posts-container elementor-posts elementor-posts--skin-classic elementor-grid\">\n\t\t\t\t<article class=\"elementor-post elementor-grid-item post-12480 post type-post status-publish format-standard has-post-thumbnail hentry category-nouvelles\">\n\t\t\t\t<a class=\"elementor-post__thumbnail__link\" href=\"https:\/\/backup.sourceomega-13730204208.futehost.ca\/en\/le-scandale-de-la-gestion-de-leau-au-quebec\/\" tabindex=\"-1\">\n\t\t\t<div class=\"elementor-post__thumbnail\"><img fetchpriority=\"high\" decoding=\"async\" width=\"400\" height=\"258\" src=\"https:\/\/backup.sourceomega-13730204208.futehost.ca\/wp-content\/uploads\/2023\/01\/water-2021-09-01-08-59-24-utc-400x258.jpg\" class=\"attachment-medium size-medium wp-image-12482\" alt=\"\" srcset=\"https:\/\/backup.sourceomega-13730204208.futehost.ca\/wp-content\/uploads\/2023\/01\/water-2021-09-01-08-59-24-utc-400x258.jpg 400w, https:\/\/backup.sourceomega-13730204208.futehost.ca\/wp-content\/uploads\/2023\/01\/water-2021-09-01-08-59-24-utc-1024x661.jpg 1024w, https:\/\/backup.sourceomega-13730204208.futehost.ca\/wp-content\/uploads\/2023\/01\/water-2021-09-01-08-59-24-utc-768x496.jpg 768w, https:\/\/backup.sourceomega-13730204208.futehost.ca\/wp-content\/uploads\/2023\/01\/water-2021-09-01-08-59-24-utc-1536x992.jpg 1536w, https:\/\/backup.sourceomega-13730204208.futehost.ca\/wp-content\/uploads\/2023\/01\/water-2021-09-01-08-59-24-utc-2048x1323.jpg 2048w, https:\/\/backup.sourceomega-13730204208.futehost.ca\/wp-content\/uploads\/2023\/01\/water-2021-09-01-08-59-24-utc-600x388.jpg 600w\" sizes=\"(max-width: 400px) 100vw, 400px\" \/><\/div>\n\t\t<\/a>\n\t\t\t\t<div class=\"elementor-post__text\">\n\t\t\t\t<h3 class=\"elementor-post__title\">\n\t\t\t<a href=\"https:\/\/backup.sourceomega-13730204208.futehost.ca\/en\/le-scandale-de-la-gestion-de-leau-au-quebec\/\">\n\t\t\t\tThe water management scandal in Quebec\t\t\t<\/a>\n\t\t<\/h3>\n\t\t\t\t<div class=\"elementor-post__excerpt\">\n\t\t\t<p>Le scandale de la gestion de l\u2019eau au Qu\u00e9bec Normalement,\u00a0dans un blogue comme celui-ci, nous \u00e9crirons des textes sans trop cr\u00e9er de vague.\u00a0Ce n\u2019est pas<\/p>\n\t\t<\/div>\n\t\t\n\t\t<a class=\"elementor-post__read-more\" href=\"https:\/\/backup.sourceomega-13730204208.futehost.ca\/en\/le-scandale-de-la-gestion-de-leau-au-quebec\/\" aria-label=\"Read more about Le scandale de la gestion de l\u2019eau au Qu\u00e9bec\" tabindex=\"-1\">\n\t\t\tLire la suite \u00bb\t\t<\/a>\n\n\t\t\t\t<\/div>\n\t\t\t\t<\/article>\n\t\t\t\t<article class=\"elementor-post elementor-grid-item post-12255 post type-post status-publish format-standard has-post-thumbnail hentry category-nouvelles\">\n\t\t\t\t<a class=\"elementor-post__thumbnail__link\" href=\"https:\/\/backup.sourceomega-13730204208.futehost.ca\/en\/leau-petillante-avec-moderation\/\" tabindex=\"-1\">\n\t\t\t<div class=\"elementor-post__thumbnail\"><img decoding=\"async\" width=\"400\" height=\"225\" src=\"https:\/\/backup.sourceomega-13730204208.futehost.ca\/wp-content\/uploads\/2022\/11\/eau-petillante-400x225.jpg\" class=\"attachment-medium size-medium wp-image-12261\" alt=\"\" srcset=\"https:\/\/backup.sourceomega-13730204208.futehost.ca\/wp-content\/uploads\/2022\/11\/eau-petillante-400x225.jpg 400w, https:\/\/backup.sourceomega-13730204208.futehost.ca\/wp-content\/uploads\/2022\/11\/eau-petillante-1024x576.jpg 1024w, https:\/\/backup.sourceomega-13730204208.futehost.ca\/wp-content\/uploads\/2022\/11\/eau-petillante-768x432.jpg 768w, https:\/\/backup.sourceomega-13730204208.futehost.ca\/wp-content\/uploads\/2022\/11\/eau-petillante-1536x864.jpg 1536w, https:\/\/backup.sourceomega-13730204208.futehost.ca\/wp-content\/uploads\/2022\/11\/eau-petillante-600x338.jpg 600w, https:\/\/backup.sourceomega-13730204208.futehost.ca\/wp-content\/uploads\/2022\/11\/eau-petillante.jpg 1920w\" sizes=\"(max-width: 400px) 100vw, 400px\" \/><\/div>\n\t\t<\/a>\n\t\t\t\t<div class=\"elementor-post__text\">\n\t\t\t\t<h3 class=\"elementor-post__title\">\n\t\t\t<a href=\"https:\/\/backup.sourceomega-13730204208.futehost.ca\/en\/leau-petillante-avec-moderation\/\">\n\t\t\t\tL&rsquo;eau p\u00e9tillante? Avec mod\u00e9ration!\t\t\t<\/a>\n\t\t<\/h3>\n\t\t\t\t<div class=\"elementor-post__excerpt\">\n\t\t\t<p>L&rsquo;eau p\u00e9tillante? Avec mod\u00e9ration! Depuis quelques ann\u00e9es, nos amis\u00a0les\u00a0sp\u00e9cialistes du\u00a0marketing\u00a0ont mis sur le march\u00e9 des appareils distribuant des eaux p\u00e9tillantes.\u00a0Pour une certaine proportion de gens,<\/p>\n\t\t<\/div>\n\t\t\n\t\t<a class=\"elementor-post__read-more\" href=\"https:\/\/backup.sourceomega-13730204208.futehost.ca\/en\/leau-petillante-avec-moderation\/\" aria-label=\"Read more about L&rsquo;eau p\u00e9tillante? Avec mod\u00e9ration!\" tabindex=\"-1\">\n\t\t\tLire la suite \u00bb\t\t<\/a>\n\n\t\t\t\t<\/div>\n\t\t\t\t<\/article>\n\t\t\t\t<article class=\"elementor-post elementor-grid-item post-12129 post type-post status-publish format-standard has-post-thumbnail hentry category-nouvelles\">\n\t\t\t\t<a class=\"elementor-post__thumbnail__link\" href=\"https:\/\/backup.sourceomega-13730204208.futehost.ca\/en\/le-choix-source-omega-une-question-de-securite\/\" tabindex=\"-1\">\n\t\t\t<div class=\"elementor-post__thumbnail\"><img decoding=\"async\" width=\"300\" height=\"200\" src=\"https:\/\/backup.sourceomega-13730204208.futehost.ca\/wp-content\/uploads\/2021\/02\/i00688-300x200.jpg\" class=\"attachment-medium size-medium wp-image-9132\" alt=\"\" srcset=\"https:\/\/backup.sourceomega-13730204208.futehost.ca\/wp-content\/uploads\/2021\/02\/i00688-300x200.jpg 300w, https:\/\/backup.sourceomega-13730204208.futehost.ca\/wp-content\/uploads\/2021\/02\/i00688.jpg 400w\" sizes=\"(max-width: 300px) 100vw, 300px\" \/><\/div>\n\t\t<\/a>\n\t\t\t\t<div class=\"elementor-post__text\">\n\t\t\t\t<h3 class=\"elementor-post__title\">\n\t\t\t<a href=\"https:\/\/backup.sourceomega-13730204208.futehost.ca\/en\/le-choix-source-omega-une-question-de-securite\/\">\n\t\t\t\tLe choix Source Om\u00e9ga | Une question de s\u00e9curit\u00e9\t\t\t<\/a>\n\t\t<\/h3>\n\t\t\t\t<div class=\"elementor-post__excerpt\">\n\t\t\t<p>Le choix Source Om\u00e9ga | Une question de s\u00e9curit\u00e9 Quand notre entreprise a vu le jour en 1990, nous nous sommes aper\u00e7us tr\u00e8s rapidement que<\/p>\n\t\t<\/div>\n\t\t\n\t\t<a class=\"elementor-post__read-more\" href=\"https:\/\/backup.sourceomega-13730204208.futehost.ca\/en\/le-choix-source-omega-une-question-de-securite\/\" aria-label=\"Read more about Le choix Source Om\u00e9ga | Une question de s\u00e9curit\u00e9\" tabindex=\"-1\">\n\t\t\tLire la suite \u00bb\t\t<\/a>\n\n\t\t\t\t<\/div>\n\t\t\t\t<\/article>\n\t\t\t\t<article class=\"elementor-post elementor-grid-item post-11523 post type-post status-publish format-standard has-post-thumbnail hentry category-nouvelles\">\n\t\t\t\t<a class=\"elementor-post__thumbnail__link\" href=\"https:\/\/backup.sourceomega-13730204208.futehost.ca\/en\/source-omega-et-les-municipalites\/\" tabindex=\"-1\">\n\t\t\t<div class=\"elementor-post__thumbnail\"><img loading=\"lazy\" decoding=\"async\" width=\"400\" height=\"252\" src=\"https:\/\/backup.sourceomega-13730204208.futehost.ca\/wp-content\/uploads\/2022\/03\/Montreal1-400x252.jpg\" class=\"attachment-medium size-medium wp-image-10943\" alt=\"\" srcset=\"https:\/\/backup.sourceomega-13730204208.futehost.ca\/wp-content\/uploads\/2022\/03\/Montreal1-400x252.jpg 400w, https:\/\/backup.sourceomega-13730204208.futehost.ca\/wp-content\/uploads\/2022\/03\/Montreal1-1024x645.jpg 1024w, https:\/\/backup.sourceomega-13730204208.futehost.ca\/wp-content\/uploads\/2022\/03\/Montreal1-768x484.jpg 768w, https:\/\/backup.sourceomega-13730204208.futehost.ca\/wp-content\/uploads\/2022\/03\/Montreal1-1536x968.jpg 1536w, https:\/\/backup.sourceomega-13730204208.futehost.ca\/wp-content\/uploads\/2022\/03\/Montreal1-600x378.jpg 600w, https:\/\/backup.sourceomega-13730204208.futehost.ca\/wp-content\/uploads\/2022\/03\/Montreal1.jpg 1614w\" sizes=\"(max-width: 400px) 100vw, 400px\" \/><\/div>\n\t\t<\/a>\n\t\t\t\t<div class=\"elementor-post__text\">\n\t\t\t\t<h3 class=\"elementor-post__title\">\n\t\t\t<a href=\"https:\/\/backup.sourceomega-13730204208.futehost.ca\/en\/source-omega-et-les-municipalites\/\">\n\t\t\t\tSource Omega and municipalities\t\t\t<\/a>\n\t\t<\/h3>\n\t\t\t\t<div class=\"elementor-post__excerpt\">\n\t\t\t<p>Source Om\u00e9ga et les municipalit\u00e9s La relation municipalit\u00e9s et Source Om\u00e9ga a toujours \u00e9t\u00e9 naturelle! Les municipalit\u00e9s ont des parcs, des parcs \u00e0 chien, un<\/p>\n\t\t<\/div>\n\t\t\n\t\t<a class=\"elementor-post__read-more\" href=\"https:\/\/backup.sourceomega-13730204208.futehost.ca\/en\/source-omega-et-les-municipalites\/\" aria-label=\"Read more about Source Om\u00e9ga et les municipalit\u00e9s\" tabindex=\"-1\">\n\t\t\tLire la suite \u00bb\t\t<\/a>\n\n\t\t\t\t<\/div>\n\t\t\t\t<\/article>\n\t\t\t\t<article class=\"elementor-post elementor-grid-item post-11261 post type-post status-publish format-standard has-post-thumbnail hentry category-garderies category-centres-de-la-petite-enfance\">\n\t\t\t\t<a class=\"elementor-post__thumbnail__link\" href=\"https:\/\/backup.sourceomega-13730204208.futehost.ca\/en\/source-omega-et-le-futur\/\" tabindex=\"-1\">\n\t\t\t<div class=\"elementor-post__thumbnail\"><img loading=\"lazy\" decoding=\"async\" width=\"400\" height=\"267\" src=\"https:\/\/backup.sourceomega-13730204208.futehost.ca\/wp-content\/uploads\/2022\/03\/garderie-int-400x267.jpg\" class=\"attachment-medium size-medium wp-image-11285\" alt=\"\" srcset=\"https:\/\/backup.sourceomega-13730204208.futehost.ca\/wp-content\/uploads\/2022\/03\/garderie-int-400x267.jpg 400w, https:\/\/backup.sourceomega-13730204208.futehost.ca\/wp-content\/uploads\/2022\/03\/garderie-int-1024x683.jpg 1024w, https:\/\/backup.sourceomega-13730204208.futehost.ca\/wp-content\/uploads\/2022\/03\/garderie-int-768x512.jpg 768w, https:\/\/backup.sourceomega-13730204208.futehost.ca\/wp-content\/uploads\/2022\/03\/garderie-int-1536x1024.jpg 1536w, https:\/\/backup.sourceomega-13730204208.futehost.ca\/wp-content\/uploads\/2022\/03\/garderie-int-600x400.jpg 600w, https:\/\/backup.sourceomega-13730204208.futehost.ca\/wp-content\/uploads\/2022\/03\/garderie-int.jpg 1920w\" sizes=\"(max-width: 400px) 100vw, 400px\" \/><\/div>\n\t\t<\/a>\n\t\t\t\t<div class=\"elementor-post__text\">\n\t\t\t\t<h3 class=\"elementor-post__title\">\n\t\t\t<a href=\"https:\/\/backup.sourceomega-13730204208.futehost.ca\/en\/source-omega-et-le-futur\/\">\n\t\t\t\tSource Om\u00e9ga et le futur\t\t\t<\/a>\n\t\t<\/h3>\n\t\t\t\t<div class=\"elementor-post__excerpt\">\n\t\t\t<p>Source Om\u00e9ga et le futur D\u00e8s le d\u00e9but de nos op\u00e9rations en 1990, nous avions \u00e9tabli le secteur de la petite enfance comme \u00e9tant une<\/p>\n\t\t<\/div>\n\t\t\n\t\t<a class=\"elementor-post__read-more\" href=\"https:\/\/backup.sourceomega-13730204208.futehost.ca\/en\/source-omega-et-le-futur\/\" aria-label=\"Read more about Source Om\u00e9ga et le futur\" tabindex=\"-1\">\n\t\t\tLire la suite \u00bb\t\t<\/a>\n\n\t\t\t\t<\/div>\n\t\t\t\t<\/article>\n\t\t\t\t<article class=\"elementor-post elementor-grid-item post-10773 post type-post status-publish format-standard has-post-thumbnail hentry category-nouvelles\">\n\t\t\t\t<a class=\"elementor-post__thumbnail__link\" href=\"https:\/\/backup.sourceomega-13730204208.futehost.ca\/en\/6-bonnes-raisons-de-choisir-source-omega\/\" tabindex=\"-1\">\n\t\t\t<div class=\"elementor-post__thumbnail\"><img loading=\"lazy\" decoding=\"async\" width=\"400\" height=\"267\" src=\"https:\/\/backup.sourceomega-13730204208.futehost.ca\/wp-content\/uploads\/2021\/10\/flow-3528344_1920-400x267.jpg\" class=\"attachment-medium size-medium wp-image-10386\" alt=\"\" srcset=\"https:\/\/backup.sourceomega-13730204208.futehost.ca\/wp-content\/uploads\/2021\/10\/flow-3528344_1920-400x267.jpg 400w, https:\/\/backup.sourceomega-13730204208.futehost.ca\/wp-content\/uploads\/2021\/10\/flow-3528344_1920-1024x683.jpg 1024w, https:\/\/backup.sourceomega-13730204208.futehost.ca\/wp-content\/uploads\/2021\/10\/flow-3528344_1920-768x512.jpg 768w, https:\/\/backup.sourceomega-13730204208.futehost.ca\/wp-content\/uploads\/2021\/10\/flow-3528344_1920-1536x1024.jpg 1536w, https:\/\/backup.sourceomega-13730204208.futehost.ca\/wp-content\/uploads\/2021\/10\/flow-3528344_1920-600x400.jpg 600w, https:\/\/backup.sourceomega-13730204208.futehost.ca\/wp-content\/uploads\/2021\/10\/flow-3528344_1920.jpg 1920w\" sizes=\"(max-width: 400px) 100vw, 400px\" \/><\/div>\n\t\t<\/a>\n\t\t\t\t<div class=\"elementor-post__text\">\n\t\t\t\t<h3 class=\"elementor-post__title\">\n\t\t\t<a href=\"https:\/\/backup.sourceomega-13730204208.futehost.ca\/en\/6-bonnes-raisons-de-choisir-source-omega\/\">\n\t\t\t\t6 bonnes raisons de choisir Source Om\u00e9ga\t\t\t<\/a>\n\t\t<\/h3>\n\t\t\t\t<div class=\"elementor-post__excerpt\">\n\t\t\t<p>6 bonnes raisons de choisir Source Om\u00e9ga Vous consommez l&rsquo;eau en bouteille dans vos bureaux ?\u00a0Nous avons recens\u00e9 6 bonnes raisons pourquoi une entreprise comme<\/p>\n\t\t<\/div>\n\t\t\n\t\t<a class=\"elementor-post__read-more\" href=\"https:\/\/backup.sourceomega-13730204208.futehost.ca\/en\/6-bonnes-raisons-de-choisir-source-omega\/\" aria-label=\"Read more about 6 bonnes raisons de choisir Source Om\u00e9ga\" tabindex=\"-1\">\n\t\t\tLire la suite \u00bb\t\t<\/a>\n\n\t\t\t\t<\/div>\n\t\t\t\t<\/article>\n\t\t\t\t<article class=\"elementor-post elementor-grid-item post-10685 post type-post status-publish format-standard has-post-thumbnail hentry category-nouvelles\">\n\t\t\t\t<a class=\"elementor-post__thumbnail__link\" href=\"https:\/\/backup.sourceomega-13730204208.futehost.ca\/en\/limportance-de-la-filtration-de-leau\/\" tabindex=\"-1\">\n\t\t\t<div class=\"elementor-post__thumbnail\"><img loading=\"lazy\" decoding=\"async\" width=\"400\" height=\"267\" src=\"https:\/\/backup.sourceomega-13730204208.futehost.ca\/wp-content\/uploads\/2022\/01\/filtration-eau-400x267.jpg\" class=\"attachment-medium size-medium wp-image-10690\" alt=\"\" srcset=\"https:\/\/backup.sourceomega-13730204208.futehost.ca\/wp-content\/uploads\/2022\/01\/filtration-eau-400x267.jpg 400w, https:\/\/backup.sourceomega-13730204208.futehost.ca\/wp-content\/uploads\/2022\/01\/filtration-eau-768x512.jpg 768w, https:\/\/backup.sourceomega-13730204208.futehost.ca\/wp-content\/uploads\/2022\/01\/filtration-eau-600x400.jpg 600w, https:\/\/backup.sourceomega-13730204208.futehost.ca\/wp-content\/uploads\/2022\/01\/filtration-eau.jpg 850w\" sizes=\"(max-width: 400px) 100vw, 400px\" \/><\/div>\n\t\t<\/a>\n\t\t\t\t<div class=\"elementor-post__text\">\n\t\t\t\t<h3 class=\"elementor-post__title\">\n\t\t\t<a href=\"https:\/\/backup.sourceomega-13730204208.futehost.ca\/en\/limportance-de-la-filtration-de-leau\/\">\n\t\t\t\tL&rsquo;importance de la filtration de l&rsquo;eau\t\t\t<\/a>\n\t\t<\/h3>\n\t\t\t\t<div class=\"elementor-post__excerpt\">\n\t\t\t<p>L&rsquo;importance de la filtration de l&rsquo;eau Par d\u00e9finition, l&rsquo;objectif de la filtration est de purifier votre eau. Elle permet d&rsquo;\u00e9liminer \u00e0 la fois les polluants<\/p>\n\t\t<\/div>\n\t\t\n\t\t<a class=\"elementor-post__read-more\" href=\"https:\/\/backup.sourceomega-13730204208.futehost.ca\/en\/limportance-de-la-filtration-de-leau\/\" aria-label=\"Read more about L&rsquo;importance de la filtration de l&rsquo;eau\" tabindex=\"-1\">\n\t\t\tLire la suite \u00bb\t\t<\/a>\n\n\t\t\t\t<\/div>\n\t\t\t\t<\/article>\n\t\t\t\t<article class=\"elementor-post elementor-grid-item post-10564 post type-post status-publish format-standard has-post-thumbnail hentry category-nouvelles\">\n\t\t\t\t<a class=\"elementor-post__thumbnail__link\" href=\"https:\/\/backup.sourceomega-13730204208.futehost.ca\/en\/objectif-zero-dechet-utopie-ou-realite\/\" tabindex=\"-1\">\n\t\t\t<div class=\"elementor-post__thumbnail\"><img loading=\"lazy\" decoding=\"async\" width=\"400\" height=\"253\" src=\"https:\/\/backup.sourceomega-13730204208.futehost.ca\/wp-content\/uploads\/2021\/12\/hands-gb3876b4a0_1920-400x253.jpg\" class=\"attachment-medium size-medium wp-image-10565\" alt=\"\" srcset=\"https:\/\/backup.sourceomega-13730204208.futehost.ca\/wp-content\/uploads\/2021\/12\/hands-gb3876b4a0_1920-400x253.jpg 400w, https:\/\/backup.sourceomega-13730204208.futehost.ca\/wp-content\/uploads\/2021\/12\/hands-gb3876b4a0_1920-1024x648.jpg 1024w, https:\/\/backup.sourceomega-13730204208.futehost.ca\/wp-content\/uploads\/2021\/12\/hands-gb3876b4a0_1920-768x486.jpg 768w, https:\/\/backup.sourceomega-13730204208.futehost.ca\/wp-content\/uploads\/2021\/12\/hands-gb3876b4a0_1920-1536x972.jpg 1536w, https:\/\/backup.sourceomega-13730204208.futehost.ca\/wp-content\/uploads\/2021\/12\/hands-gb3876b4a0_1920-600x380.jpg 600w, https:\/\/backup.sourceomega-13730204208.futehost.ca\/wp-content\/uploads\/2021\/12\/hands-gb3876b4a0_1920.jpg 1920w\" sizes=\"(max-width: 400px) 100vw, 400px\" \/><\/div>\n\t\t<\/a>\n\t\t\t\t<div class=\"elementor-post__text\">\n\t\t\t\t<h3 class=\"elementor-post__title\">\n\t\t\t<a href=\"https:\/\/backup.sourceomega-13730204208.futehost.ca\/en\/objectif-zero-dechet-utopie-ou-realite\/\">\n\t\t\t\tObjectif z\u00e9ro d\u00e9chet &#8211; Utopie ou r\u00e9alit\u00e9\t\t\t<\/a>\n\t\t<\/h3>\n\t\t\t\t<div class=\"elementor-post__excerpt\">\n\t\t\t<p>Objectif z\u00e9ro d\u00e9chet &#8211; Utopie ou r\u00e9alit\u00e9 Suite \u00e0 la Cop26, nous le sentons tous, le temps presse! De plus en plus, la notion d&rsquo;\u00e9conomie<\/p>\n\t\t<\/div>\n\t\t\n\t\t<a class=\"elementor-post__read-more\" href=\"https:\/\/backup.sourceomega-13730204208.futehost.ca\/en\/objectif-zero-dechet-utopie-ou-realite\/\" aria-label=\"Read more about Objectif z\u00e9ro d\u00e9chet &#8211; Utopie ou r\u00e9alit\u00e9\" tabindex=\"-1\">\n\t\t\tLire la suite \u00bb\t\t<\/a>\n\n\t\t\t\t<\/div>\n\t\t\t\t<\/article>\n\t\t\t\t<article class=\"elementor-post elementor-grid-item post-10525 post type-post status-publish format-standard has-post-thumbnail hentry category-nouvelles\">\n\t\t\t\t<a class=\"elementor-post__thumbnail__link\" href=\"https:\/\/backup.sourceomega-13730204208.futehost.ca\/en\/lentreprise-new-kears\/\" tabindex=\"-1\">\n\t\t\t<div class=\"elementor-post__thumbnail\"><img loading=\"lazy\" decoding=\"async\" width=\"400\" height=\"225\" src=\"https:\/\/backup.sourceomega-13730204208.futehost.ca\/wp-content\/uploads\/2021\/11\/100_-7-400x225.png\" class=\"attachment-medium size-medium wp-image-10526\" alt=\"\" srcset=\"https:\/\/backup.sourceomega-13730204208.futehost.ca\/wp-content\/uploads\/2021\/11\/100_-7-400x225.png 400w, https:\/\/backup.sourceomega-13730204208.futehost.ca\/wp-content\/uploads\/2021\/11\/100_-7-1024x576.png 1024w, https:\/\/backup.sourceomega-13730204208.futehost.ca\/wp-content\/uploads\/2021\/11\/100_-7-768x432.png 768w, https:\/\/backup.sourceomega-13730204208.futehost.ca\/wp-content\/uploads\/2021\/11\/100_-7-1536x864.png 1536w, https:\/\/backup.sourceomega-13730204208.futehost.ca\/wp-content\/uploads\/2021\/11\/100_-7-600x338.png 600w, https:\/\/backup.sourceomega-13730204208.futehost.ca\/wp-content\/uploads\/2021\/11\/100_-7.png 1920w\" sizes=\"(max-width: 400px) 100vw, 400px\" \/><\/div>\n\t\t<\/a>\n\t\t\t\t<div class=\"elementor-post__text\">\n\t\t\t\t<h3 class=\"elementor-post__title\">\n\t\t\t<a href=\"https:\/\/backup.sourceomega-13730204208.futehost.ca\/en\/lentreprise-new-kears\/\">\n\t\t\t\tL&rsquo;entreprise New Kear&rsquo;s\t\t\t<\/a>\n\t\t<\/h3>\n\t\t\t\t<div class=\"elementor-post__excerpt\">\n\t\t\t<p>S\u00e9rie \u00ab les entreprises vertes du Qu\u00e9bec \u00bb Durant les prochaines semaines, et m\u00eame les prochains mois, nous ( SourceOmega.com ) mettrons l&#8217;emphase sur une<\/p>\n\t\t<\/div>\n\t\t\n\t\t<a class=\"elementor-post__read-more\" href=\"https:\/\/backup.sourceomega-13730204208.futehost.ca\/en\/lentreprise-new-kears\/\" aria-label=\"Read more about L&rsquo;entreprise New Kear&rsquo;s\" tabindex=\"-1\">\n\t\t\tLire la suite \u00bb\t\t<\/a>\n\n\t\t\t\t<\/div>\n\t\t\t\t<\/article>\n\t\t\t\t<\/div>\n\t\t\n\t\t\t\t<div class=\"e-load-more-anchor\" data-page=\"1\" data-max-page=\"6\" data-next-page=\"https:\/\/backup.sourceomega-13730204208.futehost.ca\/en\/wp-json\/wp\/v2\/pages\/12\/page\/2\/\"><\/div>\n\t\t\t\t<nav class=\"elementor-pagination\" aria-label=\"Pagination\">\n\t\t\t<span class=\"page-numbers prev\">&laquo; Pr\u00e9c\u00e9dent<\/span>\n<span aria-current=\"page\" class=\"page-numbers current\"><span class=\"elementor-screen-only\">Page<\/span>1<\/span>\n<a class=\"page-numbers\" href=\"https:\/\/backup.sourceomega-13730204208.futehost.ca\/en\/wp-json\/wp\/v2\/pages\/12\/page\/2\/\"><span class=\"elementor-screen-only\">Page<\/span>2<\/a>\n<a class=\"page-numbers\" href=\"https:\/\/backup.sourceomega-13730204208.futehost.ca\/en\/wp-json\/wp\/v2\/pages\/12\/page\/3\/\"><span class=\"elementor-screen-only\">Page<\/span>3<\/a>\n<a class=\"page-numbers\" href=\"https:\/\/backup.sourceomega-13730204208.futehost.ca\/en\/wp-json\/wp\/v2\/pages\/12\/page\/4\/\"><span class=\"elementor-screen-only\">Page<\/span>4<\/a>\n<a class=\"page-numbers\" href=\"https:\/\/backup.sourceomega-13730204208.futehost.ca\/en\/wp-json\/wp\/v2\/pages\/12\/page\/5\/\"><span class=\"elementor-screen-only\">Page<\/span>5<\/a>\n<a class=\"page-numbers\" href=\"https:\/\/backup.sourceomega-13730204208.futehost.ca\/en\/wp-json\/wp\/v2\/pages\/12\/page\/6\/\"><span class=\"elementor-screen-only\">Page<\/span>6<\/a>\n<a class=\"page-numbers next\" href=\"https:\/\/backup.sourceomega-13730204208.futehost.ca\/en\/wp-json\/wp\/v2\/pages\/12\/page\/2\/\">Suivant &raquo;<\/a>\t\t<\/nav>\n\t\t\t\t\t\t<\/div>\n\t\t\t\t<\/div>\n\t\t\t\t\t<\/div>\n\t\t\t\t<\/div>\n\t\t\t\t<\/div>","protected":false},"excerpt":{"rendered":"<p>Bienvenue sur notre blogue<\/p>","protected":false},"author":4,"featured_media":0,"parent":0,"menu_order":0,"comment_status":"closed","ping_status":"closed","template":"","meta":{"_acf_changed":false,"footnotes":""},"acf":[],"_links":{"self":[{"href":"https:\/\/backup.sourceomega-13730204208.futehost.ca\/en\/wp-json\/wp\/v2\/pages\/12"}],"collection":[{"href":"https:\/\/backup.sourceomega-13730204208.futehost.ca\/en\/wp-json\/wp\/v2\/pages"}],"about":[{"href":"https:\/\/backup.sourceomega-13730204208.futehost.ca\/en\/wp-json\/wp\/v2\/types\/page"}],"author":[{"embeddable":true,"href":"https:\/\/backup.sourceomega-13730204208.futehost.ca\/en\/wp-json\/wp\/v2\/users\/4"}],"replies":[{"embeddable":true,"href":"https:\/\/backup.sourceomega-13730204208.futehost.ca\/en\/wp-json\/wp\/v2\/comments?post=12"}],"version-history":[{"count":55,"href":"https:\/\/backup.sourceomega-13730204208.futehost.ca\/en\/wp-json\/wp\/v2\/pages\/12\/revisions"}],"predecessor-version":[{"id":19332,"href":"https:\/\/backup.sourceomega-13730204208.futehost.ca\/en\/wp-json\/wp\/v2\/pages\/12\/revisions\/19332"}],"wp:attachment":[{"href":"https:\/\/backup.sourceomega-13730204208.futehost.ca\/en\/wp-json\/wp\/v2\/media?parent=12"}],"curies":[{"name":"wp","href":"https:\/\/api.w.org\/{rel}","templated":true}]}}