{"id":16775,"date":"2023-12-21T10:37:19","date_gmt":"2023-12-21T15:37:19","guid":{"rendered":"https:\/\/backup.sourceomega-13730204208.futehost.ca\/?page_id=16775"},"modified":"2024-06-26T05:54:34","modified_gmt":"2024-06-26T09:54:34","slug":"abreuvoir-a-quebec","status":"publish","type":"page","link":"https:\/\/backup.sourceomega-13730204208.futehost.ca\/en\/abreuvoir-a-quebec\/","title":{"rendered":"Drinking fountains In Quebec city area"},"content":{"rendered":"<div data-elementor-type=\"wp-page\" data-elementor-id=\"16775\" class=\"elementor elementor-16775\" data-elementor-post-type=\"page\">\n\t\t\t\t\t\t<section class=\"elementor-section elementor-top-section elementor-element elementor-element-1eaf83f elementor-section-full_width elementor-section-height-default elementor-section-height-default\" data-id=\"1eaf83f\" data-element_type=\"section\" data-settings=\"{&quot;background_background&quot;:&quot;classic&quot;}\">\n\t\t\t\t\t\t<div class=\"elementor-container elementor-column-gap-default\">\n\t\t\t\t\t<div class=\"elementor-column elementor-col-100 elementor-top-column elementor-element elementor-element-08c1a52\" data-id=\"08c1a52\" data-element_type=\"column\" data-settings=\"{&quot;background_background&quot;:&quot;classic&quot;}\">\n\t\t\t<div class=\"elementor-widget-wrap elementor-element-populated\">\n\t\t\t\t\t<div class=\"elementor-background-overlay\"><\/div>\n\t\t\t\t\t\t<div class=\"elementor-element elementor-element-23ff13c elementor-widget elementor-widget-heading\" data-id=\"23ff13c\" data-element_type=\"widget\" data-widget_type=\"heading.default\">\n\t\t\t\t<div class=\"elementor-widget-container\">\n\t\t\t\t\t<h1 class=\"elementor-heading-title elementor-size-default\">Water fountains and water coolers in Quebec<\/h1>\t\t\t\t<\/div>\n\t\t\t\t<\/div>\n\t\t\t\t\t<\/div>\n\t\t<\/div>\n\t\t\t\t\t<\/div>\n\t\t<\/section>\n\t\t\t\t<section class=\"elementor-section elementor-top-section elementor-element elementor-element-ae311d0 elementor-section-boxed elementor-section-height-default elementor-section-height-default\" data-id=\"ae311d0\" data-element_type=\"section\">\n\t\t\t\t\t\t<div class=\"elementor-container elementor-column-gap-default\">\n\t\t\t\t\t<div class=\"elementor-column elementor-col-100 elementor-top-column elementor-element elementor-element-9b99364\" data-id=\"9b99364\" data-element_type=\"column\">\n\t\t\t<div class=\"elementor-widget-wrap elementor-element-populated\">\n\t\t\t\t\t\t<div class=\"elementor-element elementor-element-d1fafa8 elementor-widget elementor-widget-heading\" data-id=\"d1fafa8\" data-element_type=\"widget\" data-widget_type=\"heading.default\">\n\t\t\t\t<div class=\"elementor-widget-container\">\n\t\t\t\t\t<h2 class=\"elementor-heading-title elementor-size-default\">Source Omega and La Capitale-Nationale<\/h2>\t\t\t\t<\/div>\n\t\t\t\t<\/div>\n\t\t\t\t<div class=\"elementor-element elementor-element-327986d elementor-widget elementor-widget-text-editor\" data-id=\"327986d\" data-element_type=\"widget\" data-widget_type=\"text-editor.default\">\n\t\t\t\t<div class=\"elementor-widget-container\">\n\t\t\t\t\t\t\t\t\t<p>Source Om\u00e9ga offers its services for the installation and maintenance of water troughs and water coolers throughout Quebec, including of course, the Capitale-Nationale! With more than 30 years of experience in our field, you are assured of unparalleled service.\u00a0<\/p><p>Over the years, we have built an enviable reputation with financial institutions, municipalities, school boards and commercial and industrial companies!\u00a0<\/p><p>Whether for a water trough, a water cooler or even the maintenance of your devices, Source Om\u00e9ga offers you unparalleled service and quality!<\/p><p style=\"text-align: center;\"><span style=\"font-size: 14pt;\"><strong>With you since 1990! Questions? Call 1-877-859-2837<\/strong><\/span><\/p>\t\t\t\t\t\t\t\t<\/div>\n\t\t\t\t<\/div>\n\t\t\t\t\t<\/div>\n\t\t<\/div>\n\t\t\t\t\t<\/div>\n\t\t<\/section>\n\t\t\t\t<section class=\"elementor-section elementor-top-section elementor-element elementor-element-530ebce elementor-section-boxed elementor-section-height-default elementor-section-height-default\" data-id=\"530ebce\" data-element_type=\"section\">\n\t\t\t\t\t\t<div class=\"elementor-container elementor-column-gap-default\">\n\t\t\t\t\t<div class=\"elementor-column elementor-col-50 elementor-top-column elementor-element elementor-element-c588ebc\" data-id=\"c588ebc\" data-element_type=\"column\" data-settings=\"{&quot;background_background&quot;:&quot;classic&quot;}\">\n\t\t\t<div class=\"elementor-widget-wrap elementor-element-populated\">\n\t\t\t\t\t\t<div class=\"elementor-element elementor-element-f9e8b11 elementor-widget elementor-widget-heading\" data-id=\"f9e8b11\" data-element_type=\"widget\" data-widget_type=\"heading.default\">\n\t\t\t\t<div class=\"elementor-widget-container\">\n\t\t\t\t\t<h2 class=\"elementor-heading-title elementor-size-default\">Our Drinking fountains<\/h2>\t\t\t\t<\/div>\n\t\t\t\t<\/div>\n\t\t\t\t<div class=\"elementor-element elementor-element-5e1fa21 elementor-widget elementor-widget-image\" data-id=\"5e1fa21\" data-element_type=\"widget\" data-widget_type=\"image.default\">\n\t\t\t\t<div class=\"elementor-widget-container\">\n\t\t\t\t\t\t\t\t\t\t\t\t\t\t\t<img fetchpriority=\"high\" decoding=\"async\" width=\"400\" height=\"600\" src=\"https:\/\/backup.sourceomega-13730204208.futehost.ca\/wp-content\/uploads\/2023\/12\/Abreuvoirs.webp\" class=\"attachment-full size-full wp-image-16788\" alt=\"\" srcset=\"https:\/\/backup.sourceomega-13730204208.futehost.ca\/wp-content\/uploads\/2023\/12\/Abreuvoirs.webp 400w, https:\/\/backup.sourceomega-13730204208.futehost.ca\/wp-content\/uploads\/2023\/12\/Abreuvoirs-267x400.webp 267w\" sizes=\"(max-width: 400px) 100vw, 400px\" \/>\t\t\t\t\t\t\t\t\t\t\t\t\t\t\t<\/div>\n\t\t\t\t<\/div>\n\t\t\t\t<div class=\"elementor-element elementor-element-d1349b6 elementor-align-center elementor-widget elementor-widget-button\" data-id=\"d1349b6\" data-element_type=\"widget\" data-widget_type=\"button.default\">\n\t\t\t\t<div class=\"elementor-widget-container\">\n\t\t\t\t\t\t\t\t\t<div class=\"elementor-button-wrapper\">\n\t\t\t\t\t<a class=\"elementor-button elementor-button-link elementor-size-lg\" href=\"https:\/\/backup.sourceomega-13730204208.futehost.ca\/en\/nos-abreuvoirs\/\">\n\t\t\t\t\t\t<span class=\"elementor-button-content-wrapper\">\n\t\t\t\t\t\t\t\t\t<span class=\"elementor-button-text\">To know more<\/span>\n\t\t\t\t\t<\/span>\n\t\t\t\t\t<\/a>\n\t\t\t\t<\/div>\n\t\t\t\t\t\t\t\t<\/div>\n\t\t\t\t<\/div>\n\t\t\t\t\t<\/div>\n\t\t<\/div>\n\t\t\t\t<div class=\"elementor-column elementor-col-50 elementor-top-column elementor-element elementor-element-ac2389b\" data-id=\"ac2389b\" data-element_type=\"column\">\n\t\t\t<div class=\"elementor-widget-wrap elementor-element-populated\">\n\t\t\t\t\t\t<div class=\"elementor-element elementor-element-a6c80e4 elementor-widget elementor-widget-heading\" data-id=\"a6c80e4\" data-element_type=\"widget\" data-widget_type=\"heading.default\">\n\t\t\t\t<div class=\"elementor-widget-container\">\n\t\t\t\t\t<h2 class=\"elementor-heading-title elementor-size-default\">Our water coolers<\/h2>\t\t\t\t<\/div>\n\t\t\t\t<\/div>\n\t\t\t\t<div class=\"elementor-element elementor-element-9ff468f elementor-widget elementor-widget-image\" data-id=\"9ff468f\" data-element_type=\"widget\" data-widget_type=\"image.default\">\n\t\t\t\t<div class=\"elementor-widget-container\">\n\t\t\t\t\t\t\t\t\t\t\t\t\t\t\t<img decoding=\"async\" width=\"400\" height=\"600\" src=\"https:\/\/backup.sourceomega-13730204208.futehost.ca\/wp-content\/uploads\/2023\/12\/refroidisseurs.webp\" class=\"attachment-full size-full wp-image-16790\" alt=\"\" srcset=\"https:\/\/backup.sourceomega-13730204208.futehost.ca\/wp-content\/uploads\/2023\/12\/refroidisseurs.webp 400w, https:\/\/backup.sourceomega-13730204208.futehost.ca\/wp-content\/uploads\/2023\/12\/refroidisseurs-267x400.webp 267w\" sizes=\"(max-width: 400px) 100vw, 400px\" \/>\t\t\t\t\t\t\t\t\t\t\t\t\t\t\t<\/div>\n\t\t\t\t<\/div>\n\t\t\t\t<div class=\"elementor-element elementor-element-ee1e5cd elementor-align-center elementor-widget elementor-widget-button\" data-id=\"ee1e5cd\" data-element_type=\"widget\" data-widget_type=\"button.default\">\n\t\t\t\t<div class=\"elementor-widget-container\">\n\t\t\t\t\t\t\t\t\t<div class=\"elementor-button-wrapper\">\n\t\t\t\t\t<a class=\"elementor-button elementor-button-link elementor-size-lg\" href=\"https:\/\/backup.sourceomega-13730204208.futehost.ca\/en\/nos-abreuvoirs\/\">\n\t\t\t\t\t\t<span class=\"elementor-button-content-wrapper\">\n\t\t\t\t\t\t\t\t\t<span class=\"elementor-button-text\">To know more<\/span>\n\t\t\t\t\t<\/span>\n\t\t\t\t\t<\/a>\n\t\t\t\t<\/div>\n\t\t\t\t\t\t\t\t<\/div>\n\t\t\t\t<\/div>\n\t\t\t\t\t<\/div>\n\t\t<\/div>\n\t\t\t\t\t<\/div>\n\t\t<\/section>\n\t\t\t\t<section class=\"elementor-section elementor-top-section elementor-element elementor-element-e26bae0 elementor-section-boxed elementor-section-height-default elementor-section-height-default\" data-id=\"e26bae0\" data-element_type=\"section\" data-settings=\"{&quot;background_background&quot;:&quot;classic&quot;}\">\n\t\t\t\t\t\t<div class=\"elementor-container elementor-column-gap-default\">\n\t\t\t\t\t<div class=\"elementor-column elementor-col-50 elementor-top-column elementor-element elementor-element-f76ebf7\" data-id=\"f76ebf7\" data-element_type=\"column\">\n\t\t\t<div class=\"elementor-widget-wrap elementor-element-populated\">\n\t\t\t\t\t\t<div class=\"elementor-element elementor-element-2a768ce elementor-widget elementor-widget-image\" data-id=\"2a768ce\" data-element_type=\"widget\" data-widget_type=\"image.default\">\n\t\t\t\t<div class=\"elementor-widget-container\">\n\t\t\t\t\t\t\t\t\t\t\t\t\t\t\t<img decoding=\"async\" src=\"https:\/\/backup.sourceomega-13730204208.futehost.ca\/wp-content\/uploads\/2021\/01\/Installation.png\" title=\"\" alt=\"\" loading=\"lazy\" \/>\t\t\t\t\t\t\t\t\t\t\t\t\t\t\t<\/div>\n\t\t\t\t<\/div>\n\t\t\t\t\t<\/div>\n\t\t<\/div>\n\t\t\t\t<div class=\"elementor-column elementor-col-50 elementor-top-column elementor-element elementor-element-dc1a56f\" data-id=\"dc1a56f\" data-element_type=\"column\">\n\t\t\t<div class=\"elementor-widget-wrap elementor-element-populated\">\n\t\t\t\t\t\t<div class=\"elementor-element elementor-element-e08dadd elementor-widget elementor-widget-heading\" data-id=\"e08dadd\" data-element_type=\"widget\" data-widget_type=\"heading.default\">\n\t\t\t\t<div class=\"elementor-widget-container\">\n\t\t\t\t\t<h2 class=\"elementor-heading-title elementor-size-default\">Wanted!<\/h2>\t\t\t\t<\/div>\n\t\t\t\t<\/div>\n\t\t\t\t<div class=\"elementor-element elementor-element-1d4b2c3 elementor-widget elementor-widget-heading\" data-id=\"1d4b2c3\" data-element_type=\"widget\" data-widget_type=\"heading.default\">\n\t\t\t\t<div class=\"elementor-widget-container\">\n\t\t\t\t\t<h2 class=\"elementor-heading-title elementor-size-default\">Maintenance technician on the road<\/h2>\t\t\t\t<\/div>\n\t\t\t\t<\/div>\n\t\t\t\t<div class=\"elementor-element elementor-element-d651d71 elementor-widget elementor-widget-text-editor\" data-id=\"d651d71\" data-element_type=\"widget\" data-widget_type=\"text-editor.default\">\n\t\t\t\t<div class=\"elementor-widget-container\">\n\t\t\t\t\t\t\t\t\t<p>Source Omega est a la recherche de personnes fiables dans la r\u00e9gion de la Capitale Nationale.<\/p><ul><li>If you have minimum (basic) experience in electrical, plumbing and\/or refrigeration, with a valid driver's license.<\/li><li>If you are diligent, autonomous, meticulous, skilled manually<\/li><li>If you have attention to detail and a job well done<span class=\"Apple-converted-space\">\u00a0<\/span><\/li><\/ul><p>Contact us by clicking on the button to find out more about our entire offer!<\/p>\t\t\t\t\t\t\t\t<\/div>\n\t\t\t\t<\/div>\n\t\t\t\t<div class=\"elementor-element elementor-element-1a4c3a9 elementor-align-center elementor-widget elementor-widget-button\" data-id=\"1a4c3a9\" data-element_type=\"widget\" data-widget_type=\"button.default\">\n\t\t\t\t<div class=\"elementor-widget-container\">\n\t\t\t\t\t\t\t\t\t<div class=\"elementor-button-wrapper\">\n\t\t\t\t\t<a class=\"elementor-button elementor-button-link elementor-size-sm\" href=\"https:\/\/carrieres.sourceomega.com\/jobs\/Careers\/609941000002607001\/Technicien-en-entretien-sur-la-route?source=CareerSite\" target=\"_blank\" rel=\"noopener\">\n\t\t\t\t\t\t<span class=\"elementor-button-content-wrapper\">\n\t\t\t\t\t\t\t\t\t<span class=\"elementor-button-text\">Positions available here<\/span>\n\t\t\t\t\t<\/span>\n\t\t\t\t\t<\/a>\n\t\t\t\t<\/div>\n\t\t\t\t\t\t\t\t<\/div>\n\t\t\t\t<\/div>\n\t\t\t\t\t<\/div>\n\t\t<\/div>\n\t\t\t\t\t<\/div>\n\t\t<\/section>\n\t\t\t\t<\/div>","protected":false},"excerpt":{"rendered":"<p>Abreuvoirs et refroidisseurs d&rsquo;eau \u00e0 Qu\u00e9bec Source Om\u00e9ga et La Capitale-Nationale Source Om\u00e9ga offre ses services pour l&rsquo;installation et la maintenance des abreuvoirs et refroidisseurs d&rsquo;eau partout au Qu\u00e9bec, incluant bien entendu, la Capitale-Nationale! Avec plus de 30 ans d&rsquo;exp\u00e9rience dans notre domaine, vous \u00eates assur\u00e9 d&rsquo;un service hors-pair.\u00a0 Au fils des ans, nous nous [&hellip;]<\/p>","protected":false},"author":7,"featured_media":0,"parent":0,"menu_order":0,"comment_status":"closed","ping_status":"closed","template":"elementor_header_footer","meta":{"_acf_changed":false,"footnotes":""},"acf":[],"_links":{"self":[{"href":"https:\/\/backup.sourceomega-13730204208.futehost.ca\/en\/wp-json\/wp\/v2\/pages\/16775"}],"collection":[{"href":"https:\/\/backup.sourceomega-13730204208.futehost.ca\/en\/wp-json\/wp\/v2\/pages"}],"about":[{"href":"https:\/\/backup.sourceomega-13730204208.futehost.ca\/en\/wp-json\/wp\/v2\/types\/page"}],"author":[{"embeddable":true,"href":"https:\/\/backup.sourceomega-13730204208.futehost.ca\/en\/wp-json\/wp\/v2\/users\/7"}],"replies":[{"embeddable":true,"href":"https:\/\/backup.sourceomega-13730204208.futehost.ca\/en\/wp-json\/wp\/v2\/comments?post=16775"}],"version-history":[{"count":71,"href":"https:\/\/backup.sourceomega-13730204208.futehost.ca\/en\/wp-json\/wp\/v2\/pages\/16775\/revisions"}],"predecessor-version":[{"id":19622,"href":"https:\/\/backup.sourceomega-13730204208.futehost.ca\/en\/wp-json\/wp\/v2\/pages\/16775\/revisions\/19622"}],"wp:attachment":[{"href":"https:\/\/backup.sourceomega-13730204208.futehost.ca\/en\/wp-json\/wp\/v2\/media?parent=16775"}],"curies":[{"name":"wp","href":"https:\/\/api.w.org\/{rel}","templated":true}]}}