{"id":38,"date":"2017-10-30T06:45:38","date_gmt":"2017-10-30T06:45:38","guid":{"rendered":"https:\/\/backup.sourceomega-13730204208.futehost.ca\/?page_id=38"},"modified":"2024-03-01T09:59:35","modified_gmt":"2024-03-01T14:59:35","slug":"services","status":"publish","type":"page","link":"https:\/\/backup.sourceomega-13730204208.futehost.ca\/en\/services\/","title":{"rendered":"Services"},"content":{"rendered":"<div data-elementor-type=\"wp-page\" data-elementor-id=\"38\" class=\"elementor elementor-38\" data-elementor-post-type=\"page\">\n\t\t\t\t<div class=\"elementor-element elementor-element-c70277f e-flex e-con-boxed e-con e-parent\" data-id=\"c70277f\" data-element_type=\"container\">\n\t\t\t\t\t<div class=\"e-con-inner\">\n\t\t<div class=\"elementor-element elementor-element-6fa2b7c e-con-full e-flex e-con e-child\" data-id=\"6fa2b7c\" data-element_type=\"container\">\n\t\t<div class=\"elementor-element elementor-element-22d6518 e-con-full e-flex e-con e-child\" data-id=\"22d6518\" data-element_type=\"container\" data-settings=\"{&quot;background_background&quot;:&quot;classic&quot;}\">\n\t\t\t\t<div class=\"elementor-element elementor-element-6cfc12d elementor-widget elementor-widget-heading\" data-id=\"6cfc12d\" data-element_type=\"widget\" data-widget_type=\"heading.default\">\n\t\t\t\t<div class=\"elementor-widget-container\">\n\t\t\t\t\t<h2 class=\"elementor-heading-title elementor-size-default\">Maintenance<\/h2>\t\t\t\t<\/div>\n\t\t\t\t<\/div>\n\t\t\t\t<\/div>\n\t\t\t\t<\/div>\n\t\t<div class=\"elementor-element elementor-element-ffddb64 e-con-full e-flex e-con e-child\" data-id=\"ffddb64\" data-element_type=\"container\">\n\t\t<div class=\"elementor-element elementor-element-9fb2dc9 e-con-full e-flex e-con e-child\" data-id=\"9fb2dc9\" data-element_type=\"container\" data-settings=\"{&quot;background_background&quot;:&quot;classic&quot;}\">\n\t\t\t\t<div class=\"elementor-element elementor-element-1a9155d elementor-widget elementor-widget-heading\" data-id=\"1a9155d\" data-element_type=\"widget\" data-widget_type=\"heading.default\">\n\t\t\t\t<div class=\"elementor-widget-container\">\n\t\t\t\t\t<h2 class=\"elementor-heading-title elementor-size-default\">Installation<\/h2>\t\t\t\t<\/div>\n\t\t\t\t<\/div>\n\t\t\t\t<\/div>\n\t\t\t\t<\/div>\n\t\t<div class=\"elementor-element elementor-element-2dcc747 e-con-full e-flex e-con e-child\" data-id=\"2dcc747\" data-element_type=\"container\">\n\t\t<div class=\"elementor-element elementor-element-e4b8bfa e-con-full e-flex e-con e-child\" data-id=\"e4b8bfa\" data-element_type=\"container\" data-settings=\"{&quot;background_background&quot;:&quot;classic&quot;}\">\n\t\t\t\t<div class=\"elementor-element elementor-element-84b4060 elementor-widget elementor-widget-heading\" data-id=\"84b4060\" data-element_type=\"widget\" data-widget_type=\"heading.default\">\n\t\t\t\t<div class=\"elementor-widget-container\">\n\t\t\t\t\t<h2 class=\"elementor-heading-title elementor-size-default\">Repair<\/h2>\t\t\t\t<\/div>\n\t\t\t\t<\/div>\n\t\t\t\t<\/div>\n\t\t\t\t<\/div>\n\t\t\t\t\t<\/div>\n\t\t\t\t<\/div>\n\t\t<div class=\"elementor-element elementor-element-0900b70 e-flex e-con-boxed e-con e-parent\" data-id=\"0900b70\" data-element_type=\"container\" data-settings=\"{&quot;background_background&quot;:&quot;classic&quot;}\">\n\t\t\t\t\t<div class=\"e-con-inner\">\n\t\t\t\t<div class=\"elementor-element elementor-element-d9c4e6f elementor-widget elementor-widget-heading\" data-id=\"d9c4e6f\" data-element_type=\"widget\" data-widget_type=\"heading.default\">\n\t\t\t\t<div class=\"elementor-widget-container\">\n\t\t\t\t\t<h2 class=\"elementor-heading-title elementor-size-default\">You can contact Source Omega at any time for your devices<\/h2>\t\t\t\t<\/div>\n\t\t\t\t<\/div>\n\t\t\t\t<div class=\"elementor-element elementor-element-94f292e elementor-widget elementor-widget-text-editor\" data-id=\"94f292e\" data-element_type=\"widget\" data-widget_type=\"text-editor.default\">\n\t\t\t\t<div class=\"elementor-widget-container\">\n\t\t\t\t\t\t\t\t\t<p>We pride ourselves on responding to service calls within 48 hours.<\/p>\t\t\t\t\t\t\t\t<\/div>\n\t\t\t\t<\/div>\n\t\t\t\t<div class=\"elementor-element elementor-element-f2626bc elementor-widget elementor-widget-text-editor\" data-id=\"f2626bc\" data-element_type=\"widget\" data-widget_type=\"text-editor.default\">\n\t\t\t\t<div class=\"elementor-widget-container\">\n\t\t\t\t\t\t\t\t\t<p>Source Om\u00e9ga employees follow your safety rules: they wear helmets, glasses and safety boots, if required. Additionally, our technicians wear latex gloves and a hair and beard net during cleanings. After all, these are food appliances! You will easily recognize them thanks to their uniform displaying the company logo on the back.<\/p>\t\t\t\t\t\t\t\t<\/div>\n\t\t\t\t<\/div>\n\t\t\t\t\t<\/div>\n\t\t\t\t<\/div>\n\t\t<div class=\"elementor-element elementor-element-e1ed4dd e-flex e-con-boxed e-con e-parent\" data-id=\"e1ed4dd\" data-element_type=\"container\">\n\t\t\t\t\t<div class=\"e-con-inner\">\n\t\t<div class=\"elementor-element elementor-element-d3c20c0 e-con-full e-flex e-con e-child\" data-id=\"d3c20c0\" data-element_type=\"container\">\n\t\t\t\t<div class=\"elementor-element elementor-element-457218b elementor-align-center elementor-widget elementor-widget-button\" data-id=\"457218b\" data-element_type=\"widget\" data-widget_type=\"button.default\">\n\t\t\t\t<div class=\"elementor-widget-container\">\n\t\t\t\t\t\t\t\t\t<div class=\"elementor-button-wrapper\">\n\t\t\t\t\t<a class=\"elementor-button elementor-button-link elementor-size-sm\" href=\"https:\/\/backup.sourceomega-13730204208.futehost.ca\/en\/nous-joindre\/\">\n\t\t\t\t\t\t<span class=\"elementor-button-content-wrapper\">\n\t\t\t\t\t\t\t\t\t<span class=\"elementor-button-text\">Request a quote<\/span>\n\t\t\t\t\t<\/span>\n\t\t\t\t\t<\/a>\n\t\t\t\t<\/div>\n\t\t\t\t\t\t\t\t<\/div>\n\t\t\t\t<\/div>\n\t\t\t\t<\/div>\n\t\t<div class=\"elementor-element elementor-element-4c51367 e-con-full e-flex e-con e-child\" data-id=\"4c51367\" data-element_type=\"container\">\n\t\t\t\t<div class=\"elementor-element elementor-element-e8ecbd3 elementor-widget elementor-widget-heading\" data-id=\"e8ecbd3\" data-element_type=\"widget\" data-widget_type=\"heading.default\">\n\t\t\t\t<div class=\"elementor-widget-container\">\n\t\t\t\t\t<h2 class=\"elementor-heading-title elementor-size-default\">Installation<\/h2>\t\t\t\t<\/div>\n\t\t\t\t<\/div>\n\t\t\t\t<div class=\"elementor-element elementor-element-02eab3c elementor-widget elementor-widget-text-editor\" data-id=\"02eab3c\" data-element_type=\"widget\" data-widget_type=\"text-editor.default\">\n\t\t\t\t<div class=\"elementor-widget-container\">\n\t\t\t\t\t\t\t\t\t<p>Upon receipt of your purchase order, we are generally able to prepare a unit and schedule its installation within one week. Installation is included with the purchase of all water coolers. Three hours of installation are generally required with the purchase of a water fountain and are billed separately.<\/p>\t\t\t\t\t\t\t\t<\/div>\n\t\t\t\t<\/div>\n\t\t\t\t<\/div>\n\t\t\t\t\t<\/div>\n\t\t\t\t<\/div>\n\t\t<div class=\"elementor-element elementor-element-eede1e3 e-flex e-con-boxed e-con e-parent\" data-id=\"eede1e3\" data-element_type=\"container\" data-settings=\"{&quot;background_background&quot;:&quot;classic&quot;}\">\n\t\t\t\t\t<div class=\"e-con-inner\">\n\t\t<div class=\"elementor-element elementor-element-edf1490 e-con-full e-flex e-con e-child\" data-id=\"edf1490\" data-element_type=\"container\">\n\t\t\t\t<div class=\"elementor-element elementor-element-4e12ad5 elementor-align-center elementor-widget elementor-widget-button\" data-id=\"4e12ad5\" data-element_type=\"widget\" data-widget_type=\"button.default\">\n\t\t\t\t<div class=\"elementor-widget-container\">\n\t\t\t\t\t\t\t\t\t<div class=\"elementor-button-wrapper\">\n\t\t\t\t\t<a class=\"elementor-button elementor-button-link elementor-size-sm\" href=\"https:\/\/backup.sourceomega-13730204208.futehost.ca\/en\/nous-joindre\/\">\n\t\t\t\t\t\t<span class=\"elementor-button-content-wrapper\">\n\t\t\t\t\t\t\t\t\t<span class=\"elementor-button-text\">Call us!<\/span>\n\t\t\t\t\t<\/span>\n\t\t\t\t\t<\/a>\n\t\t\t\t<\/div>\n\t\t\t\t\t\t\t\t<\/div>\n\t\t\t\t<\/div>\n\t\t\t\t<\/div>\n\t\t<div class=\"elementor-element elementor-element-dba11b5 e-con-full e-flex e-con e-child\" data-id=\"dba11b5\" data-element_type=\"container\">\n\t\t\t\t<div class=\"elementor-element elementor-element-f684e54 elementor-widget elementor-widget-heading\" data-id=\"f684e54\" data-element_type=\"widget\" data-widget_type=\"heading.default\">\n\t\t\t\t<div class=\"elementor-widget-container\">\n\t\t\t\t\t<h2 class=\"elementor-heading-title elementor-size-default\">Repair<\/h2>\t\t\t\t<\/div>\n\t\t\t\t<\/div>\n\t\t\t\t<div class=\"elementor-element elementor-element-12c0a76 elementor-widget elementor-widget-text-editor\" data-id=\"12c0a76\" data-element_type=\"widget\" data-widget_type=\"text-editor.default\">\n\t\t\t\t<div class=\"elementor-widget-container\">\n\t\t\t\t\t\t\t\t\t<p>Source Omega repairs almost all devices from the brands mentioned below. In addition, we can replace the copper tank of your waterers with a stainless steel tank, to prevent the water from having a metallic taste.<\/p><p>We can repair all appliances from the following brands: Antartika, Cordley, Elkay, Halsey Taylor, Haws, Ebco, Oasis and Sunroc, whether for replacement faucets, covers, pressure regulators, thermostats, receptacles, etc.<\/p>\t\t\t\t\t\t\t\t<\/div>\n\t\t\t\t<\/div>\n\t\t\t\t<\/div>\n\t\t\t\t\t<\/div>\n\t\t\t\t<\/div>\n\t\t<div class=\"elementor-element elementor-element-426d59c e-flex e-con-boxed e-con e-parent\" data-id=\"426d59c\" data-element_type=\"container\" data-settings=\"{&quot;background_background&quot;:&quot;classic&quot;}\">\n\t\t\t\t\t<div class=\"e-con-inner\">\n\t\t<div class=\"elementor-element elementor-element-77a920d e-con-full e-flex e-con e-child\" data-id=\"77a920d\" data-element_type=\"container\" data-settings=\"{&quot;background_background&quot;:&quot;classic&quot;}\">\n\t\t\t\t<div class=\"elementor-element elementor-element-cb4f653 elementor-widget elementor-widget-image\" data-id=\"cb4f653\" data-element_type=\"widget\" data-widget_type=\"image.default\">\n\t\t\t\t<div class=\"elementor-widget-container\">\n\t\t\t\t\t\t\t\t\t\t\t\t\t\t\t<img decoding=\"async\" src=\"https:\/\/backup.sourceomega-13730204208.futehost.ca\/wp-content\/uploads\/2024\/02\/Entretien.jpg\" title=\"\" alt=\"\" loading=\"lazy\" \/>\t\t\t\t\t\t\t\t\t\t\t\t\t\t\t<\/div>\n\t\t\t\t<\/div>\n\t\t\t\t<div class=\"elementor-element elementor-element-0fdc8f3 elementor-widget elementor-widget-image\" data-id=\"0fdc8f3\" data-element_type=\"widget\" data-widget_type=\"image.default\">\n\t\t\t\t<div class=\"elementor-widget-container\">\n\t\t\t\t\t\t\t\t\t\t\t\t\t\t\t<img decoding=\"async\" src=\"https:\/\/backup.sourceomega-13730204208.futehost.ca\/wp-content\/uploads\/2021\/01\/Installation.png\" title=\"\" alt=\"\" loading=\"lazy\" \/>\t\t\t\t\t\t\t\t\t\t\t\t\t\t\t<\/div>\n\t\t\t\t<\/div>\n\t\t\t\t<\/div>\n\t\t<div class=\"elementor-element elementor-element-487cf4f e-con-full e-flex e-con e-child\" data-id=\"487cf4f\" data-element_type=\"container\">\n\t\t\t\t<div class=\"elementor-element elementor-element-1902e99 elementor-widget elementor-widget-heading\" data-id=\"1902e99\" data-element_type=\"widget\" data-widget_type=\"heading.default\">\n\t\t\t\t<div class=\"elementor-widget-container\">\n\t\t\t\t\t<h2 class=\"elementor-heading-title elementor-size-default\">Periodic maintenance contract<\/h2>\t\t\t\t<\/div>\n\t\t\t\t<\/div>\n\t\t\t\t<div class=\"elementor-element elementor-element-a468ac6 elementor-widget elementor-widget-text-editor\" data-id=\"a468ac6\" data-element_type=\"widget\" data-widget_type=\"text-editor.default\">\n\t\t\t\t<div class=\"elementor-widget-container\">\n\t\t\t\t\t\t\t\t\t<p>We Generally recommend that servicing coolers (with or without a bottle) be carried out at least every 4 months, but some customers ask us to clean their units monthly. Regarding drinkers, we recommend annual cleaning.<\/p><p>Source Omega maintains details on all of its customers\u2019 equipment, such as the make, model, serial number of each device as well as their location in your office or factory. So, if you had a problem with one of your devices, we could immediately order the right part to repair it, or provide you with a similar replacement device, while the repair takes place in the workshop.<\/p><p>In addition, our database allows us to continuously monitor the dates of visits planned for the maintenance of your devices. You can also notify us if you would like us to confirm our visit date before arriving at your premises.<\/p><p>For us, maintaining an appliance means more than just the exterior appearance. The tank is cleaned and drained. We are proud to use the \u201cSterile\u201d brand product that sanitizes water bowls and water coolers. This product has been evaluated by Health Canada and performs descaling and disinfection work. If this product is accidentally ingested, there is no risk of illness or poisoning. In addition, we use 3 other products to clean and shine your devices. It is not uncommon for us to use a vacuum cleaner to dust the inside of appliances. We check filters, parts and components such as faucets, the condition of the pipes, etc. Finally, we check the water temperature.<\/p>\t\t\t\t\t\t\t\t<\/div>\n\t\t\t\t<\/div>\n\t\t\t\t<\/div>\n\t\t\t\t\t<\/div>\n\t\t\t\t<\/div>\n\t\t<div class=\"elementor-element elementor-element-411f71e e-flex e-con-boxed e-con e-parent\" data-id=\"411f71e\" data-element_type=\"container\">\n\t\t\t\t\t<div class=\"e-con-inner\">\n\t\t<div class=\"elementor-element elementor-element-9b83daf e-con-full e-flex e-con e-child\" data-id=\"9b83daf\" data-element_type=\"container\">\n\t\t\t\t<div class=\"elementor-element elementor-element-3e6bc62 elementor-widget elementor-widget-heading\" data-id=\"3e6bc62\" data-element_type=\"widget\" data-widget_type=\"heading.default\">\n\t\t\t\t<div class=\"elementor-widget-container\">\n\t\t\t\t\t<h2 class=\"elementor-heading-title elementor-size-default\">Replacement of filters and cartridges<\/h2>\t\t\t\t<\/div>\n\t\t\t\t<\/div>\n\t\t\t\t<div class=\"elementor-element elementor-element-3363182 elementor-widget elementor-widget-text-editor\" data-id=\"3363182\" data-element_type=\"widget\" data-widget_type=\"text-editor.default\">\n\t\t\t\t<div class=\"elementor-widget-container\">\n\t\t\t\t\t\t\t\t\t<p>Not all filters or cartridges are necessarily replaced at each of our visits. They will only be replaced as needed, and the frequency of these changes will depend on two main factors: the quality of the water at the inlet as well as the traffic to the devices. Typically, they are all changed at least once a year.<\/p>\t\t\t\t\t\t\t\t<\/div>\n\t\t\t\t<\/div>\n\t\t\t\t<div class=\"elementor-element elementor-element-3686d7e elementor-widget elementor-widget-image\" data-id=\"3686d7e\" data-element_type=\"widget\" data-widget_type=\"image.default\">\n\t\t\t\t<div class=\"elementor-widget-container\">\n\t\t\t\t\t\t\t\t\t\t\t\t\t\t\t<img fetchpriority=\"high\" decoding=\"async\" width=\"419\" height=\"410\" src=\"https:\/\/backup.sourceomega-13730204208.futehost.ca\/wp-content\/uploads\/2021\/01\/filtre-menu.png\" class=\"attachment-large size-large wp-image-8415\" alt=\"\" srcset=\"https:\/\/backup.sourceomega-13730204208.futehost.ca\/wp-content\/uploads\/2021\/01\/filtre-menu.png 419w, https:\/\/backup.sourceomega-13730204208.futehost.ca\/wp-content\/uploads\/2021\/01\/filtre-menu-300x294.png 300w\" sizes=\"(max-width: 419px) 100vw, 419px\" \/>\t\t\t\t\t\t\t\t\t\t\t\t\t\t\t<\/div>\n\t\t\t\t<\/div>\n\t\t\t\t<\/div>\n\t\t<div class=\"elementor-element elementor-element-bbc0c63 e-con-full e-flex e-con e-child\" data-id=\"bbc0c63\" data-element_type=\"container\" data-settings=\"{&quot;background_background&quot;:&quot;classic&quot;}\">\n\t\t\t\t<div class=\"elementor-element elementor-element-0d1e6fd elementor-widget elementor-widget-heading\" data-id=\"0d1e6fd\" data-element_type=\"widget\" data-widget_type=\"heading.default\">\n\t\t\t\t<div class=\"elementor-widget-container\">\n\t\t\t\t\t<h2 class=\"elementor-heading-title elementor-size-default\">Modification of chillers<\/h2>\t\t\t\t<\/div>\n\t\t\t\t<\/div>\n\t\t\t\t<div class=\"elementor-element elementor-element-8b5caad elementor-widget elementor-widget-text-editor\" data-id=\"8b5caad\" data-element_type=\"widget\" data-widget_type=\"text-editor.default\">\n\t\t\t\t<div class=\"elementor-widget-container\">\n\t\t\t\t\t\t\t\t\t<p>Modified water coolers look the same as bottle coolers (minus the bottle) and provide cold water just like bottle coolers. The difference is that they are connected to the building\u2019s piping system and are equipped with a float and a filtration system. The filtration we install includes the following filters\/cartridges.<\/p><ul><li>A filter or sediment cartridge \u2013 to retain particles suspended in water from 1 micron<\/li><li>A filter or softener cartridge \u2013 to remove hardness from water which causes limescale deposits causing bacteria to form<\/li><li>A carbon filter or cartridge \u2013 to remove the taste and odor of chlorine<\/li><li>Other filters can be installed depending on the quality of your water<\/li><\/ul><p>We use copper pipe to connect the device to the pipes in your building. Subsequently, from the stainless steel pipe, to the device and the filters connected to it.<\/p><p>Ideally your devices should be installed near a water source, e.g. ex. a coffee break station, a bathroom or a cafeteria.<\/p>\t\t\t\t\t\t\t\t<\/div>\n\t\t\t\t<\/div>\n\t\t\t\t<\/div>\n\t\t\t\t\t<\/div>\n\t\t\t\t<\/div>\n\t\t<div class=\"elementor-element elementor-element-6bc80ee e-flex e-con-boxed e-con e-parent\" data-id=\"6bc80ee\" data-element_type=\"container\">\n\t\t\t\t\t<div class=\"e-con-inner\">\n\t\t\t\t<div class=\"elementor-element elementor-element-4f669a6 elementor-widget elementor-widget-heading\" data-id=\"4f669a6\" data-element_type=\"widget\" data-widget_type=\"heading.default\">\n\t\t\t\t<div class=\"elementor-widget-container\">\n\t\t\t\t\t<h2 class=\"elementor-heading-title elementor-size-default\">Sale, rental and leasing<\/h2>\t\t\t\t<\/div>\n\t\t\t\t<\/div>\n\t\t\t\t<div class=\"elementor-element elementor-element-f17ccbd elementor-widget elementor-widget-text-editor\" data-id=\"f17ccbd\" data-element_type=\"widget\" data-widget_type=\"text-editor.default\">\n\t\t\t\t<div class=\"elementor-widget-container\">\n\t\t\t\t\t\t\t\t\t<p>We sell all the products you find on this site.<\/p><div class=\"texte\"><p>Our rental contracts are offered to businesses, industries and government organizations only. They can rent a modified chiller or modify one or more chillers they own. We then speak of \u201cturnkey\u201d type contracts.<\/p><p>If you ever ever hesitate to modify your coolers, Source Om\u00e9ga can provide you with a modified cooler <strong>for a one-week trial, at no cost or obligation on your part.<\/strong><\/p><\/div>\t\t\t\t\t\t\t\t<\/div>\n\t\t\t\t<\/div>\n\t\t\t\t<div class=\"elementor-element elementor-element-553f7b6 elementor-align-center elementor-widget elementor-widget-button\" data-id=\"553f7b6\" data-element_type=\"widget\" data-widget_type=\"button.default\">\n\t\t\t\t<div class=\"elementor-widget-container\">\n\t\t\t\t\t\t\t\t\t<div class=\"elementor-button-wrapper\">\n\t\t\t\t\t<a class=\"elementor-button elementor-button-link elementor-size-sm\" href=\"https:\/\/backup.sourceomega-13730204208.futehost.ca\/en\/nous-joindre\/\">\n\t\t\t\t\t\t<span class=\"elementor-button-content-wrapper\">\n\t\t\t\t\t\t\t\t\t<span class=\"elementor-button-text\">Request a quote<\/span>\n\t\t\t\t\t<\/span>\n\t\t\t\t\t<\/a>\n\t\t\t\t<\/div>\n\t\t\t\t\t\t\t\t<\/div>\n\t\t\t\t<\/div>\n\t\t\t\t\t<\/div>\n\t\t\t\t<\/div>\n\t\t\t\t<\/div>","protected":false},"excerpt":{"rendered":"<p>Entretien Installation R\u00e9paration Vous pouvez contacter Source Om\u00e9ga en tout temps pour vos appareils Nous sommes fiers de r\u00e9pondre aux appels de service dans les 48 heures. Les employ\u00e9s de Source Om\u00e9ga suivent vos r\u00e8gles de s\u00e9curit\u00e9: ils portent casque, lunettes et bottines de s\u00e9curit\u00e9, si requis. De plus, nos techniciens portent des gants en [&hellip;]<\/p>","protected":false},"author":4,"featured_media":0,"parent":0,"menu_order":0,"comment_status":"closed","ping_status":"closed","template":"","meta":{"_acf_changed":false,"footnotes":""},"acf":[],"_links":{"self":[{"href":"https:\/\/backup.sourceomega-13730204208.futehost.ca\/en\/wp-json\/wp\/v2\/pages\/38"}],"collection":[{"href":"https:\/\/backup.sourceomega-13730204208.futehost.ca\/en\/wp-json\/wp\/v2\/pages"}],"about":[{"href":"https:\/\/backup.sourceomega-13730204208.futehost.ca\/en\/wp-json\/wp\/v2\/types\/page"}],"author":[{"embeddable":true,"href":"https:\/\/backup.sourceomega-13730204208.futehost.ca\/en\/wp-json\/wp\/v2\/users\/4"}],"replies":[{"embeddable":true,"href":"https:\/\/backup.sourceomega-13730204208.futehost.ca\/en\/wp-json\/wp\/v2\/comments?post=38"}],"version-history":[{"count":64,"href":"https:\/\/backup.sourceomega-13730204208.futehost.ca\/en\/wp-json\/wp\/v2\/pages\/38\/revisions"}],"predecessor-version":[{"id":18359,"href":"https:\/\/backup.sourceomega-13730204208.futehost.ca\/en\/wp-json\/wp\/v2\/pages\/38\/revisions\/18359"}],"wp:attachment":[{"href":"https:\/\/backup.sourceomega-13730204208.futehost.ca\/en\/wp-json\/wp\/v2\/media?parent=38"}],"curies":[{"name":"wp","href":"https:\/\/api.w.org\/{rel}","templated":true}]}}