{"id":44,"date":"2017-10-30T06:46:17","date_gmt":"2017-10-30T06:46:17","guid":{"rendered":"https:\/\/backup.sourceomega-13730204208.futehost.ca\/?page_id=44"},"modified":"2024-07-04T11:10:41","modified_gmt":"2024-07-04T15:10:41","slug":"a-propos","status":"publish","type":"page","link":"https:\/\/backup.sourceomega-13730204208.futehost.ca\/en\/a-propos\/","title":{"rendered":"About us"},"content":{"rendered":"<div data-elementor-type=\"wp-page\" data-elementor-id=\"44\" class=\"elementor elementor-44\" data-elementor-post-type=\"page\">\n\t\t\t\t\t\t<section class=\"elementor-section elementor-top-section elementor-element elementor-element-71b564e5 elementor-section-boxed elementor-section-height-default elementor-section-height-default\" data-id=\"71b564e5\" data-element_type=\"section\">\n\t\t\t\t\t\t<div class=\"elementor-container elementor-column-gap-default\">\n\t\t\t\t\t<div class=\"elementor-column elementor-col-100 elementor-top-column elementor-element elementor-element-63d2f544\" data-id=\"63d2f544\" data-element_type=\"column\">\n\t\t\t<div class=\"elementor-widget-wrap elementor-element-populated\">\n\t\t\t\t<div class=\"elementor-element elementor-element-8f551a4 e-flex e-con-boxed e-con e-parent\" data-id=\"8f551a4\" data-element_type=\"container\">\n\t\t\t\t\t<div class=\"e-con-inner\">\n\t\t<div class=\"elementor-element elementor-element-a32f073 e-con-full e-flex e-con e-child\" data-id=\"a32f073\" data-element_type=\"container\">\n\t\t\t\t<div class=\"elementor-element elementor-element-f93d055 elementor-widget elementor-widget-heading\" data-id=\"f93d055\" data-element_type=\"widget\" data-widget_type=\"heading.default\">\n\t\t\t\t<div class=\"elementor-widget-container\">\n\t\t\t\t\t<h2 class=\"elementor-heading-title elementor-size-default\">President's word<\/h2>\t\t\t\t<\/div>\n\t\t\t\t<\/div>\n\t\t\t\t<div class=\"elementor-element elementor-element-25c5d11 elementor-widget elementor-widget-image\" data-id=\"25c5d11\" data-element_type=\"widget\" data-widget_type=\"image.default\">\n\t\t\t\t<div class=\"elementor-widget-container\">\n\t\t\t\t\t\t\t\t\t\t\t\t\t\t\t<img decoding=\"async\" src=\"https:\/\/backup.sourceomega-13730204208.futehost.ca\/wp-content\/uploads\/2024\/02\/cc.jpeg\" title=\"\" alt=\"\" loading=\"lazy\" \/>\t\t\t\t\t\t\t\t\t\t\t\t\t\t\t<\/div>\n\t\t\t\t<\/div>\n\t\t\t\t<div class=\"elementor-element elementor-element-9c64c83 elementor-widget elementor-widget-text-editor\" data-id=\"9c64c83\" data-element_type=\"widget\" data-widget_type=\"text-editor.default\">\n\t\t\t\t<div class=\"elementor-widget-container\">\n\t\t\t\t\t\t\t\t\t<p>Christian Carri\u00e8re<br \/>President<\/p>\t\t\t\t\t\t\t\t<\/div>\n\t\t\t\t<\/div>\n\t\t\t\t<\/div>\n\t\t<div class=\"elementor-element elementor-element-d4b2cbe e-flex e-con-boxed e-con e-child\" data-id=\"d4b2cbe\" data-element_type=\"container\">\n\t\t\t\t\t<div class=\"e-con-inner\">\n\t\t\t\t<div class=\"elementor-element elementor-element-18f5f6e elementor-widget elementor-widget-text-editor\" data-id=\"18f5f6e\" data-element_type=\"widget\" data-widget_type=\"text-editor.default\">\n\t\t\t\t<div class=\"elementor-widget-container\">\n\t\t\t\t\t\t\t\t\t<p>Source Omega\u2026 I will explain the choice of this name\u2026<\/p><p>Being in the field of water, the word \u00abSource\u00bb had to be there for several reasons. Among other things, for me, a source is endless, it flows and will flow endlessly. Omega is the last letter of the Greek alphabet, so Omega being the finality, the message is: Final Source.<\/p><p>One day, you will come to Source Om\u00e9ga to be well served and you will stay, because you will have unparalleled service and quality water!<\/p><p>I invite you to browse our website to discover our products. Do not hesitate to contact our team of advisors to find answers to your questions about our products and services.<\/p>\t\t\t\t\t\t\t\t<\/div>\n\t\t\t\t<\/div>\n\t\t\t\t\t<\/div>\n\t\t\t\t<\/div>\n\t\t\t\t\t<\/div>\n\t\t\t\t<\/div>\n\t\t\t\t<div class=\"elementor-element elementor-element-7366ede0 elementor-widget elementor-widget-text-editor\" data-id=\"7366ede0\" data-element_type=\"widget\" data-widget_type=\"text-editor.default\">\n\t\t\t\t<div class=\"elementor-widget-container\">\n\t\t\t\t\t\t\t\t\t<h2>Our Mission<\/h2><p>To provide superior quality water and service, while fully responding to the ecological concerns of our customers; namely the elimination of single-use plastic bottles of all sizes.<\/p><h2>Our history<\/h2><p>J\u2019\u0153uvre dans le domaine de la vente, l&rsquo;installation, la r\u00e9paration et l&rsquo;entretien p\u00e9riodique de refroidisseurs d\u2019eau, d\u2019abreuvoirs et de syst\u00e8mes de filtration depuis 34 ans. Entrepreneur dans l\u2019\u00e2me, j\u2019ai d\u00e9marr\u00e9 Source Om\u00e9ga en 1990. Je voyais dans le march\u00e9 de l\u2019eau une opportunit\u00e9 de r\u00e9aliser mon r\u00eave de devenir entrepreneur, et surtout, de faire dispara\u00eetre de la route tous les camions de livraison de bouteilles d\u2019eau en plastique, des bouteilles qui sont polluantes et dangereuses. Lisez l\u2019article &laquo;<span style=\"color: #000080;\"><strong><a style=\"color: #000080;\" href=\"https:\/\/backup.sourceomega-13730204208.futehost.ca\/en\/depolluer-locean\/\">D<\/a><a style=\"color: #000080;\" href=\"https:\/\/backup.sourceomega-13730204208.futehost.ca\/en\/depolluer-locean\/\" target=\"_blank\" rel=\"noopener\">\u00e9polluer l&rsquo;oc\u00e9an<\/a><\/strong><\/span>&laquo;.<\/p><p>Knowing that ecological technology existed, I decided to offer my customers excellent quality water at economically low costs, while having a positive impact on the environment.<\/p><p>In July 1999, I incorporated Source Omega and since then, day by day, I have been making my dream come true. We are moving at full speed, increasing our product line, and hiring more staff, to better serve our growing customer base.<\/p><p>Since December 2013, the Business Development Bank of Canada (BDC) has become one of our expansion partners. They, and several other business partners, see immense growth potential in us.<\/p><p>Christian Carri\u00e8re<br \/>President<\/p>\t\t\t\t\t\t\t\t<\/div>\n\t\t\t\t<\/div>\n\t\t\t\t\t<\/div>\n\t\t<\/div>\n\t\t\t\t\t<\/div>\n\t\t<\/section>\n\t\t\t\t<\/div>","protected":false},"excerpt":{"rendered":"<p>Mot du Pr\u00e9sident Christian Carri\u00e8re Pr\u00e9sident Source Om\u00e9ga\u2026 Je vous explique le choix de ce nom\u2026 \u00c9tant dans le domaine de l\u2019eau, le mot source devait y \u00eatre pour plusieurs raisons. Entre autres, pour moi, une source est sans fin, elle coule et coulera sans fin. Om\u00e9ga est la derni\u00e8re lettre de l\u2019alphabet grec, donc [&hellip;]<\/p>","protected":false},"author":4,"featured_media":0,"parent":0,"menu_order":0,"comment_status":"closed","ping_status":"closed","template":"","meta":{"_acf_changed":false,"footnotes":""},"acf":[],"_links":{"self":[{"href":"https:\/\/backup.sourceomega-13730204208.futehost.ca\/en\/wp-json\/wp\/v2\/pages\/44"}],"collection":[{"href":"https:\/\/backup.sourceomega-13730204208.futehost.ca\/en\/wp-json\/wp\/v2\/pages"}],"about":[{"href":"https:\/\/backup.sourceomega-13730204208.futehost.ca\/en\/wp-json\/wp\/v2\/types\/page"}],"author":[{"embeddable":true,"href":"https:\/\/backup.sourceomega-13730204208.futehost.ca\/en\/wp-json\/wp\/v2\/users\/4"}],"replies":[{"embeddable":true,"href":"https:\/\/backup.sourceomega-13730204208.futehost.ca\/en\/wp-json\/wp\/v2\/comments?post=44"}],"version-history":[{"count":34,"href":"https:\/\/backup.sourceomega-13730204208.futehost.ca\/en\/wp-json\/wp\/v2\/pages\/44\/revisions"}],"predecessor-version":[{"id":19660,"href":"https:\/\/backup.sourceomega-13730204208.futehost.ca\/en\/wp-json\/wp\/v2\/pages\/44\/revisions\/19660"}],"wp:attachment":[{"href":"https:\/\/backup.sourceomega-13730204208.futehost.ca\/en\/wp-json\/wp\/v2\/media?parent=44"}],"curies":[{"name":"wp","href":"https:\/\/api.w.org\/{rel}","templated":true}]}}